{"id":20,"date":"2012-04-02T19:47:50","date_gmt":"2012-04-02T19:47:50","guid":{"rendered":"http:\/\/www.polskismak.nl\/?page_id=20"},"modified":"2024-06-07T20:26:30","modified_gmt":"2024-06-07T20:26:30","slug":"kontakt","status":"publish","type":"page","link":"http:\/\/www.polskismak.nl\/index.php\/kontakt\/","title":{"rendered":"Kontakt"},"content":{"rendered":"<div  class='av_gmaps_sc_main_wrap av_gmaps_main_wrap '><div id='av_gmap_0' class='avia-google-map-container avia-google-map-sc av_gmaps_show_unconditionally av-no-fallback-img ' data-mapid='av_gmap_0'  style='height: 400px;'><a class=\"av_gmaps_browser_disabled av_text_confirm_link av_text_confirm_link_visible\" href=\"https:\/\/www.google.com\/maps\/search\/?api=1&#038;query=Nieuwe%20Ebbingestraat%2084%20%20Groningen%20%20Nederland\" target=\"_blank\">Maps were disabled by the visitor on this site. Click to open the map in a new window.<\/a><\/div><\/div>\n\n<style type=\"text\/css\" data-created_by=\"avia_inline_auto\" id=\"style-css-av-5hllg-14c21e290e23e32ca8079507876b7e18\">\n.flex_column.av-5hllg-14c21e290e23e32ca8079507876b7e18{\nborder-radius:0px 0px 0px 0px;\npadding:0px 0px 0px 0px;\n}\n<\/style>\n<div  class='flex_column av-5hllg-14c21e290e23e32ca8079507876b7e18 av_one_half  avia-builder-el-1  el_after_av_google_map  el_before_av_one_half  avia-builder-el-first  first flex_column_div av-zero-column-padding  '     ><form action=\"http:\/\/www.polskismak.nl\/index.php\/kontakt\/\" method=\"post\" data-fields-with-error=\"Found errors in the following field(s):\" class=\"avia_ajax_form av-form-labels-visible   avia-builder-el-2  avia-builder-el-no-sibling   \" data-avia-form-id=\"1\" data-avia-redirect='' ><h3 class=''>Wy\u015blij maila <\/h3><fieldset><p class='  first_form  form_element form_fullwidth' id='element_avia_1_1'><label for=\"avia_1_1\">Imi\u0119<\/label> <input name=\"avia_1_1\" class=\"text_input \" type=\"text\" id=\"avia_1_1\" value=\"\" \/><\/p><p class='  first_form  form_element form_fullwidth' id='element_avia_2_1'><label for=\"avia_2_1\">E-Mail <abbr class=\"required\" title=\"required\">*<\/abbr><\/label> <input name=\"avia_2_1\" class=\"text_input is_email\" type=\"text\" id=\"avia_2_1\" value=\"\" \/><\/p><p class='  first_form  form_element form_fullwidth' id='element_avia_3_1'><label for=\"avia_3_1\">Temat<\/label> <input name=\"avia_3_1\" class=\"text_input \" type=\"text\" id=\"avia_3_1\" value=\"\" \/><\/p><p class='  first_form  form_element form_fullwidth av-last-visible-form-element' id='element_avia_4_1'><label for=\"avia_4_1\">Wiadomo\u015b\u0107<\/label> <input name=\"avia_4_1\" class=\"text_input \" type=\"text\" id=\"avia_4_1\" value=\"\" \/><\/p><p class=\"hidden\"><input type=\"text\" name=\"avia_5_1\" class=\"hidden \" id=\"avia_5_1\" value=\"\" \/><\/p><p class=\"form_element \"><input type=\"hidden\" value=\"1\" name=\"avia_generated_form1\" \/><input type=\"submit\" value=\"Wy\u015blij \" class=\"button\"  data-sending-label=\"Trwa wysy\u0142anie...\"\/><\/p><\/fieldset><\/form><div id=\"ajaxresponse_1\" class=\"ajaxresponse ajaxresponse_1 hidden\"><\/div><\/div>\n\n<style type=\"text\/css\" data-created_by=\"avia_inline_auto\" id=\"style-css-av-1xr4k-2568ad5dd4df9d6f11054f6928ae575c\">\n.flex_column.av-1xr4k-2568ad5dd4df9d6f11054f6928ae575c{\nborder-radius:0px 0px 0px 0px;\npadding:0px 0px 0px 0px;\n}\n<\/style>\n<div  class='flex_column av-1xr4k-2568ad5dd4df9d6f11054f6928ae575c av_one_half  avia-builder-el-3  el_after_av_one_half  avia-builder-el-last  flex_column_div av-zero-column-padding  '     ><p>\n<style type=\"text\/css\" data-created_by=\"avia_inline_auto\" id=\"style-css-av-1mapc-4c3c25541283d2d1718c59ed99127700\">\n#top .av_textblock_section.av-1mapc-4c3c25541283d2d1718c59ed99127700 .avia_textblock{\nfont-size:16px;\n}\n<\/style>\n<section  class='av_textblock_section av-1mapc-4c3c25541283d2d1718c59ed99127700 '   itemscope=\"itemscope\" itemtype=\"https:\/\/schema.org\/CreativeWork\" ><div class='avia_textblock'  itemprop=\"text\" ><p><strong>ADRES<\/strong><\/p>\n<p>Nieuwe Ebbingestraat 84<br \/>\n9712 NN Groningen<\/p>\n<p>Tel. 06 10 22 02 89<br \/>\nEmail: info @ polskismak.nl<\/p>\n<p>GODZINY OTWARCIA<\/p>\n<table class=\"tg\">\n<tbody>\n<tr>\n<td class=\"tg-yw4l\">poniedzia\u0142ek<\/td>\n<td class=\"tg-yw4l\">zamkni\u0119te<\/td>\n<\/tr>\n<tr>\n<td class=\"tg-yw4l\">wtorek<\/td>\n<td class=\"tg-yw4l\">11.00 \u2013 18.00<\/td>\n<\/tr>\n<tr>\n<td class=\"tg-yw4l\">\u015broda<\/td>\n<td class=\"tg-yw4l\">11.00 \u2013 18.00<\/td>\n<\/tr>\n<tr>\n<td class=\"tg-yw4l\">czwartek<\/td>\n<td class=\"tg-yw4l\">11.00 \u2013 19.00<\/td>\n<\/tr>\n<tr>\n<td class=\"tg-yw4l\">pi\u0105tek<\/td>\n<td class=\"tg-yw4l\">11.00 \u2013 18.00<\/td>\n<\/tr>\n<tr>\n<td class=\"tg-yw4l\">sobota<\/td>\n<td class=\"tg-yw4l\">11.00 \u2013 17.00<\/td>\n<\/tr>\n<tr>\n<td class=\"tg-yw4l\">niedziela<\/td>\n<td class=\"tg-yw4l\">zamkni\u0119te<\/td>\n<\/tr>\n<\/tbody>\n<\/table>\n<\/div><\/section><br \/>\n<section  class='av_textblock_section av-s2l4-67da87cb5c6d1ef36a2033ea7ad4911c '   itemscope=\"itemscope\" itemtype=\"https:\/\/schema.org\/CreativeWork\" ><div class='avia_textblock'  itemprop=\"text\" ><div class=\"flex-1 overflow-hidden\">\n<div class=\"react-scroll-to-bottom--css-ktebg-79elbk h-full\">\n<div class=\"react-scroll-to-bottom--css-ktebg-1n7m0yu\">\n<div>\n<div class=\"flex flex-col text-sm\">\n<div class=\"w-full text-token-text-primary\" dir=\"auto\" data-testid=\"conversation-turn-11\" data-scroll-anchor=\"true\">\n<div class=\"py-2 juice:py-&#091;18px&#093; px-3 text-base md:px-4 m-auto md:px-5 lg:px-1 xl:px-5\">\n<div class=\"mx-auto flex flex-1 gap-3 text-base juice:gap-4 juice:md:gap-5 juice:lg:gap-6 md:max-w-3xl lg:max-w-&#091;40rem&#093; xl:max-w-&#091;48rem&#093;\">\n<div class=\"group\/conversation-turn relative flex w-full min-w-0 flex-col agent-turn\">\n<div class=\"flex-col gap-1 md:gap-3\">\n<div class=\"flex flex-grow flex-col max-w-full\">\n<div class=\"min-h-&#091;20px&#093; text-message flex flex-col items-start whitespace-pre-wrap break-words &#091;.text-message+&amp;&#093;:mt-5 juice:w-full juice:items-end overflow-x-auto gap-2\" dir=\"auto\" data-message-author-role=\"assistant\" data-message-id=\"c73f05a1-7bde-410e-a275-a86664cfa44d\">\n<div class=\"flex w-full flex-col gap-1 juice:empty:hidden juice:first:pt-&#091;3px&#093;\">\n<div class=\"markdown prose w-full break-words dark:prose-invert light\">\n<p>DOST\u0118PNO\u015a\u0106<\/p>\n<p>Dost\u0119pny komunikacj\u0105 publiczn\u0105, autobus linii 2 zatrzymuje si\u0119 tu\u017c przed drzwiami.<\/p>\n<p>P\u0142atny parking: prawie zawsze jest wolne miejsce w odleg\u0142o\u015bci spaceru i jest parking przy Boterdiep.<\/p>\n<p>Sklep jest dost\u0119pny dla w\u00f3zk\u00f3w inwalidzkich i dzieci\u0119cych.<\/p>\n<\/div>\n<\/div>\n<\/div>\n<\/div>\n<div class=\"mt-3 w-full empty:hidden\">\n<div class=\"text-center\"><\/div>\n<\/div>\n<\/div>\n<div class=\"absolute\">\n<div class=\"flex items-center justify-center\"><\/div>\n<\/div>\n<\/div>\n<\/div>\n<\/div>\n<\/div>\n<\/div>\n<\/div>\n<\/div>\n<\/div>\n<\/div>\n<div class=\"w-full md:pt-0 dark:border-white\/20 md:border-transparent md:dark:border-transparent md:w-&#091;calc(100%-.5rem)&#093; juice:w-full\">\n<div class=\"px-3 text-base md:px-4 m-auto md:px-5 lg:px-1 xl:px-5\">\n<div class=\"mx-auto flex flex-1 gap-3 text-base juice:gap-4 juice:md:gap-5 juice:lg:gap-6 md:max-w-3xl lg:max-w-&#091;40rem&#093; xl:max-w-&#091;48rem&#093;\">\n<form class=\"w-full\">\n<div class=\"relative flex h-full max-w-full flex-1 flex-col\">\n<div class=\"absolute bottom-full left-0 right-0 z-20\">\n<div class=\"relative h-full w-full\">\n<div class=\"flex flex-col gap-3.5 pb-3.5 pt-2\"><\/div>\n<\/div>\n<\/div>\n<\/div>\n<\/form>\n<\/div>\n<\/div>\n<\/div>\n<\/div><\/section><\/p><\/div>\n","protected":false},"excerpt":{"rendered":"","protected":false},"author":1,"featured_media":0,"parent":0,"menu_order":0,"comment_status":"closed","ping_status":"closed","template":"","meta":{"footnotes":""},"class_list":["post-20","page","type-page","status-publish","hentry"],"_links":{"self":[{"href":"http:\/\/www.polskismak.nl\/index.php\/wp-json\/wp\/v2\/pages\/20","targetHints":{"allow":["GET"]}}],"collection":[{"href":"http:\/\/www.polskismak.nl\/index.php\/wp-json\/wp\/v2\/pages"}],"about":[{"href":"http:\/\/www.polskismak.nl\/index.php\/wp-json\/wp\/v2\/types\/page"}],"author":[{"embeddable":true,"href":"http:\/\/www.polskismak.nl\/index.php\/wp-json\/wp\/v2\/users\/1"}],"replies":[{"embeddable":true,"href":"http:\/\/www.polskismak.nl\/index.php\/wp-json\/wp\/v2\/comments?post=20"}],"version-history":[{"count":5,"href":"http:\/\/www.polskismak.nl\/index.php\/wp-json\/wp\/v2\/pages\/20\/revisions"}],"predecessor-version":[{"id":10512,"href":"http:\/\/www.polskismak.nl\/index.php\/wp-json\/wp\/v2\/pages\/20\/revisions\/10512"}],"wp:attachment":[{"href":"http:\/\/www.polskismak.nl\/index.php\/wp-json\/wp\/v2\/media?parent=20"}],"curies":[{"name":"wp","href":"https:\/\/api.w.org\/{rel}","templated":true}]}}