{"id":7,"date":"2012-04-02T19:15:36","date_gmt":"2012-04-02T19:15:36","guid":{"rendered":"http:\/\/www.polskismak.nl\/?page_id=7"},"modified":"2024-06-07T20:30:13","modified_gmt":"2024-06-07T20:30:13","slug":"home","status":"publish","type":"page","link":"http:\/\/www.polskismak.nl\/","title":{"rendered":"Home"},"content":{"rendered":"<div   class='avia-fullscreen-slider main_color   avia-builder-el-0  el_before_av_hr  avia-builder-el-first  container_wrap sidebar_right'  ><a href='#next-section' title='' class='scroll-down-link av-control-default avia-svg-icon avia-font-svg_entypo-fontello' data-av_svg_icon='down-open-mini' data-av_iconset='svg_entypo-fontello'><svg version=\"1.1\" xmlns=\"http:\/\/www.w3.org\/2000\/svg\" width=\"15\" height=\"32\" viewBox=\"0 0 15 32\" preserveAspectRatio=\"xMidYMid meet\" aria-labelledby='av-svg-title-1' aria-describedby='av-svg-desc-1' role=\"graphics-symbol\" aria-hidden=\"true\">\n<title id='av-svg-title-1'>Scroll to next section<\/title>\n<desc id='av-svg-desc-1'>Scroll to next section<\/desc>\n<path d=\"M12.96 12.16q0.704-0.832 1.536 0 0.832 0.704 0 1.536l-6.272 6.144q-0.704 0.704-1.536 0l-6.272-6.144q-0.832-0.832 0-1.536 0.768-0.768 1.6 0l5.44 4.992z\"><\/path>\n<\/svg><\/a><div  class='avia-slideshow av-chv7-e643aa885fb6d27dc534a5093ae1cfab avia-slideshow-no scaling av_fullscreen avia-slide-slider av-slideshow-ui av-control-default av-slideshow-manual av-loop-once av-loop-manual-endless av-slider-scroll-down-active av-default-height-applied   avia-slideshow-1' data-slideshow-options=\"{&quot;animation&quot;:&quot;slide&quot;,&quot;autoplay&quot;:false,&quot;loop_autoplay&quot;:&quot;once&quot;,&quot;interval&quot;:5,&quot;loop_manual&quot;:&quot;manual-endless&quot;,&quot;autoplay_stopper&quot;:false,&quot;noNavigation&quot;:false,&quot;bg_slider&quot;:true,&quot;keep_padding&quot;:false,&quot;hoverpause&quot;:false,&quot;show_slide_delay&quot;:0,&quot;slide_height&quot;:&quot;100&quot;,&quot;image_attachment&quot;:&quot;&quot;}\"  itemprop=\"image\" itemscope=\"itemscope\" itemtype=\"https:\/\/schema.org\/ImageObject\" ><ul class='avia-slideshow-inner ' style='padding-bottom: 66.666666666667%;'><li style='background-position:top left;' data-img-url='http:\/\/www.polskismak.nl\/wp-content\/uploads\/2012\/04\/sliderps.jpg' class='avia-slideshow-slide av-chv7-e643aa885fb6d27dc534a5093ae1cfab__0  av-single-slide slide-1 slide-odd'><div data-rel='slideshow-1' class='avia-slide-wrap '   ><div class='av-slideshow-caption av-chv7-e643aa885fb6d27dc534a5093ae1cfab__0 caption_fullwidth caption_bottom'><div class=\"container caption_container\"><div class=\"slideshow_caption\"><div class=\"slideshow_inner_caption\"><div class=\"slideshow_align_caption\"><h2 class='avia-caption-title '  itemprop=\"name\" >Tw\u00f3j smak<\/h2><\/div><\/div><\/div><\/div><\/div><\/div><\/li><\/ul><\/div><\/div><div id='after_full_slider_1'  class='main_color av_default_container_wrap container_wrap sidebar_right'  ><div class='container av-section-cont-open' ><div class='template-page content  av-content-small alpha units'><div class='post-entry post-entry-type-page post-entry-7'><div class='entry-content-wrapper clearfix'>\n\n<style type=\"text\/css\" data-created_by=\"avia_inline_auto\" id=\"style-css-av-7acx-d3887c11e01456784bce61a248a2e0ef\">\n#top .hr.hr-invisible.av-7acx-d3887c11e01456784bce61a248a2e0ef{\nheight:50px;\n}\n<\/style>\n<div  class='hr av-7acx-d3887c11e01456784bce61a248a2e0ef hr-invisible  avia-builder-el-1  el_after_av_fullscreen  el_before_av_hr  avia-builder-el-first '><span class='hr-inner '><span class=\"hr-inner-style\"><\/span><\/span><\/div>\n<div  class='hr av-4q93-c30b40431f241327aaaf900054d551e7 hr-default  avia-builder-el-2  el_after_av_hr  el_before_av_textblock '><span class='hr-inner '><span class=\"hr-inner-style\"><\/span><\/span><\/div>\n<section  class='av_textblock_section av-32wz-e2cb0ae307a1517af889e85dac0fd9ec '   itemscope=\"itemscope\" itemtype=\"https:\/\/schema.org\/CreativeWork\" ><div class='avia_textblock'  itemprop=\"text\" ><h3><\/h3>\n<h3><\/h3>\n<h3><\/h3>\n<div class=\"flex-shrink-0 flex flex-col relative items-end\">\n<div>\n<div class=\"pt-0.5 juice:pt-0\">\n<div class=\"gizmo-shadow-stroke flex h-6 w-6 items-center justify-center overflow-hidden rounded-full juice:h-8 juice:w-8\">\n<div class=\"h-6 w-6 juice:h-full juice:w-full\">\n<h2 class=\"gizmo-shadow-stroke overflow-hidden rounded-full\">SERDECZNIE WITAMY NA STRONIE NASZEGO SKLEPU!<\/h2>\n<\/div>\n<\/div>\n<\/div>\n<\/div>\n<\/div>\n<div class=\"group\/conversation-turn relative flex w-full min-w-0 flex-col agent-turn\">\n<div class=\"flex-col gap-1 md:gap-3\">\n<div class=\"flex flex-grow flex-col max-w-full\">\n<div class=\"min-h-[20px] text-message flex flex-col items-start whitespace-pre-wrap break-words [.text-message+&amp;]:mt-5 juice:w-full juice:items-end overflow-x-auto gap-2\" dir=\"auto\" data-message-author-role=\"assistant\" data-message-id=\"d5b657e4-87aa-4268-bc78-67019dc2ba73\">\n<div class=\"flex w-full flex-col gap-1 juice:empty:hidden juice:first:pt-[3px]\">\n<div class=\"markdown prose w-full break-words dark:prose-invert light\">\n<p>Asortyment \u201ePolskiego Smaku\u201d jest przeznaczony przede wszystkim dla wszystkich, kt\u00f3rzy kochaj\u0105 kuchni\u0119 polsk\u0105 i polskie specja\u0142y. Wszystkie nasze produkty s\u0105 importowane raz w tygodniu z Polski, co gwarantuje \u015bwie\u017co\u015b\u0107 i dobr\u0105 jako\u015b\u0107. W naszym szerokim asortymencie znajdziecie m.in. polski chleb, w\u0119dliny, s\u0142odycze, piwo i nabia\u0142. Jako jedyny polski sklep w Groningen oferujemy w\u0142asnor\u0119cznie robione polskie wypieki, kt\u00f3re mo\u017cna u nas r\u00f3wnie\u017c zamawia\u0107. Serdecznie zapraszamy do naszego sklepu!<\/p>\n<\/div>\n<\/div>\n<\/div>\n<\/div>\n<\/div>\n<\/div>\n<\/div><\/section>\n","protected":false},"excerpt":{"rendered":"","protected":false},"author":1,"featured_media":0,"parent":0,"menu_order":0,"comment_status":"closed","ping_status":"closed","template":"","meta":{"footnotes":""},"class_list":["post-7","page","type-page","status-publish","hentry"],"_links":{"self":[{"href":"http:\/\/www.polskismak.nl\/index.php\/wp-json\/wp\/v2\/pages\/7","targetHints":{"allow":["GET"]}}],"collection":[{"href":"http:\/\/www.polskismak.nl\/index.php\/wp-json\/wp\/v2\/pages"}],"about":[{"href":"http:\/\/www.polskismak.nl\/index.php\/wp-json\/wp\/v2\/types\/page"}],"author":[{"embeddable":true,"href":"http:\/\/www.polskismak.nl\/index.php\/wp-json\/wp\/v2\/users\/1"}],"replies":[{"embeddable":true,"href":"http:\/\/www.polskismak.nl\/index.php\/wp-json\/wp\/v2\/comments?post=7"}],"version-history":[{"count":5,"href":"http:\/\/www.polskismak.nl\/index.php\/wp-json\/wp\/v2\/pages\/7\/revisions"}],"predecessor-version":[{"id":10517,"href":"http:\/\/www.polskismak.nl\/index.php\/wp-json\/wp\/v2\/pages\/7\/revisions\/10517"}],"wp:attachment":[{"href":"http:\/\/www.polskismak.nl\/index.php\/wp-json\/wp\/v2\/media?parent=7"}],"curies":[{"name":"wp","href":"https:\/\/api.w.org\/{rel}","templated":true}]}}