{"id":10060,"date":"2024-03-17T12:19:14","date_gmt":"2024-03-17T12:19:14","guid":{"rendered":"https:\/\/www.polskismak.nl\/?post_type=product&#038;p=10060"},"modified":"2024-07-04T13:38:31","modified_gmt":"2024-07-04T13:38:31","slug":"orzeszki-ziemne-z-pieca","status":"publish","type":"product","link":"http:\/\/www.polskismak.nl\/index.php\/product\/orzeszki-ziemne-z-pieca\/","title":{"rendered":"Orzeszki ziemne z pieca"},"content":{"rendered":"","protected":false},"excerpt":{"rendered":"<p>[:pl]orzeszki ziemne (97%), s\u00f3l (1,5%), substancja \u017celuj\u0105ca: guma arabska; maltodekstryna, cukier karmelizowany, ekstrakt z dro\u017cd\u017cy<\/p>\n<p>waga: 140 g (150g z opakowaniem)[:nl]pinda&#8217;s (97%), zout (1,5%), geleermiddel: Arabische gom; maltodextrine, gekarameliseerde suiker, gistextract<\/p>\n<p>gewicht: 140 g (150 g met verpakking)[:]<\/p>\n","protected":false},"featured_media":10062,"template":"","meta":[],"product_brand":[],"product_cat":[108,103],"product_tag":[],"class_list":{"0":"post-10060","1":"product","2":"type-product","3":"status-publish","4":"has-post-thumbnail","6":"product_cat-slone-przekaski-i-chipsy","7":"product_cat-slodycze-i-przekaski","9":"first","10":"onbackorder","11":"taxable","12":"shipping-taxable","13":"purchasable","14":"product-type-simple"},"_links":{"self":[{"href":"http:\/\/www.polskismak.nl\/index.php\/wp-json\/wp\/v2\/product\/10060","targetHints":{"allow":["GET"]}}],"collection":[{"href":"http:\/\/www.polskismak.nl\/index.php\/wp-json\/wp\/v2\/product"}],"about":[{"href":"http:\/\/www.polskismak.nl\/index.php\/wp-json\/wp\/v2\/types\/product"}],"wp:featuredmedia":[{"embeddable":true,"href":"http:\/\/www.polskismak.nl\/index.php\/wp-json\/wp\/v2\/media\/10062"}],"wp:attachment":[{"href":"http:\/\/www.polskismak.nl\/index.php\/wp-json\/wp\/v2\/media?parent=10060"}],"wp:term":[{"taxonomy":"product_brand","embeddable":true,"href":"http:\/\/www.polskismak.nl\/index.php\/wp-json\/wp\/v2\/product_brand?post=10060"},{"taxonomy":"product_cat","embeddable":true,"href":"http:\/\/www.polskismak.nl\/index.php\/wp-json\/wp\/v2\/product_cat?post=10060"},{"taxonomy":"product_tag","embeddable":true,"href":"http:\/\/www.polskismak.nl\/index.php\/wp-json\/wp\/v2\/product_tag?post=10060"}],"curies":[{"name":"wp","href":"https:\/\/api.w.org\/{rel}","templated":true}]}}