{"id":10279,"date":"2024-05-01T11:41:04","date_gmt":"2024-05-01T11:41:04","guid":{"rendered":"https:\/\/www.polskismak.nl\/?post_type=product&#038;p=10279"},"modified":"2025-01-23T14:55:43","modified_gmt":"2025-01-23T14:55:43","slug":"delecta-budyn-rozne-smaki","status":"publish","type":"product","link":"http:\/\/www.polskismak.nl\/index.php\/product\/delecta-budyn-rozne-smaki\/","title":{"rendered":"Delecta Budy\u0144 &#8211; r\u00f3\u017cne smaki"},"content":{"rendered":"<p>[:pl]Smaki:<\/p>\n<ul>\n<li>\u015bmietankowy<\/li>\n<li>waniliowy<\/li>\n<li>czekoladowy<\/li>\n<\/ul>\n<p>&nbsp;<\/p>\n<p>Sk\u0142ad:<\/p>\n<p>czekoladowy: Skrobia (kukurydziana, ziemniaczana), skrobia modyfikowana ziemniaczana, kakao w proszku o obni\u017conej zawarto\u015bci t\u0142uszczu 17%, czekolada 0,1% (cukier, miazga kakaowa, kakao w proszku o obni\u017conej zawarto\u015bci t\u0142uszczu)<\/p>\n<p>\u015bmietankowy: Skrobia (kukurydziana, ziemniaczana), skrobia modyfikowana ziemniaczana, aromat, barwnik: ryboflawiny.<\/p>\n<p>waniliowy: Skrobia (kukurydziana, ziemniaczana), skrobia modyfikowana ziemniaczana, aromat, barwnik: ryboflawiny, wanilia w proszku[:nl]Smaken:<\/p>\n<p>room<br \/>\nvanille<br \/>\nchocolade<\/p>\n<p>&nbsp;<\/p>\n<p>Samenstelling:<\/p>\n<p>chocolade: Zetmeel (ma\u00efs, aardappel), gemodificeerd aardappelzetmeel, magere cacaopoeder 17%, chocolade 0,1% (suiker, cacaomassa, magere cacaopoeder)<\/p>\n<p>romig: Zetmeel (ma\u00efs, aardappel), gemodificeerd aardappelzetmeel, smaak, kleur: riboflavine.<\/p>\n<p>vanille: Zetmeel (ma\u00efs, aardappel), gemodificeerd aardappelzetmeel, aroma, kleur: riboflavine, vanillepoeder[:]<\/p>\n","protected":false},"excerpt":{"rendered":"<p>[:pl]Smaki: \u015bmietankowy waniliowy czekoladowy &nbsp; Sk\u0142ad: czekoladowy: Skrobia (kukurydziana, ziemniaczana), skrobia modyfikowana ziemniaczana, kakao w proszku o obni\u017conej zawarto\u015bci t\u0142uszczu 17%, czekolada 0,1% (cukier, miazga kakaowa, kakao w proszku o obni\u017conej zawarto\u015bci t\u0142uszczu) \u015bmietankowy: Skrobia (kukurydziana, ziemniaczana), skrobia modyfikowana ziemniaczana, aromat, barwnik: ryboflawiny. waniliowy: Skrobia (kukurydziana, ziemniaczana), skrobia modyfikowana ziemniaczana, aromat, barwnik: ryboflawiny, wanilia w [&hellip;]<\/p>\n","protected":false},"featured_media":10277,"template":"","meta":[],"product_brand":[],"product_cat":[115,109],"product_tag":[],"class_list":{"0":"post-10279","1":"product","2":"type-product","3":"status-publish","4":"has-post-thumbnail","6":"product_cat-budynie","7":"product_cat-produkty-do-pieczenia-i-desery","9":"first","10":"instock","11":"taxable","12":"shipping-taxable","13":"purchasable","14":"product-type-simple"},"_links":{"self":[{"href":"http:\/\/www.polskismak.nl\/index.php\/wp-json\/wp\/v2\/product\/10279","targetHints":{"allow":["GET"]}}],"collection":[{"href":"http:\/\/www.polskismak.nl\/index.php\/wp-json\/wp\/v2\/product"}],"about":[{"href":"http:\/\/www.polskismak.nl\/index.php\/wp-json\/wp\/v2\/types\/product"}],"wp:featuredmedia":[{"embeddable":true,"href":"http:\/\/www.polskismak.nl\/index.php\/wp-json\/wp\/v2\/media\/10277"}],"wp:attachment":[{"href":"http:\/\/www.polskismak.nl\/index.php\/wp-json\/wp\/v2\/media?parent=10279"}],"wp:term":[{"taxonomy":"product_brand","embeddable":true,"href":"http:\/\/www.polskismak.nl\/index.php\/wp-json\/wp\/v2\/product_brand?post=10279"},{"taxonomy":"product_cat","embeddable":true,"href":"http:\/\/www.polskismak.nl\/index.php\/wp-json\/wp\/v2\/product_cat?post=10279"},{"taxonomy":"product_tag","embeddable":true,"href":"http:\/\/www.polskismak.nl\/index.php\/wp-json\/wp\/v2\/product_tag?post=10279"}],"curies":[{"name":"wp","href":"https:\/\/api.w.org\/{rel}","templated":true}]}}