{"id":10286,"date":"2024-05-01T11:55:15","date_gmt":"2024-05-01T11:55:15","guid":{"rendered":"https:\/\/www.polskismak.nl\/?post_type=product&#038;p=10286"},"modified":"2025-01-23T14:55:30","modified_gmt":"2025-01-23T14:55:30","slug":"winiary-budyn-rozne-smaki","status":"publish","type":"product","link":"http:\/\/www.polskismak.nl\/index.php\/product\/winiary-budyn-rozne-smaki\/","title":{"rendered":"Winiary Budy\u0144 &#8211; r\u00f3\u017cne smaki"},"content":{"rendered":"<p>[:pl]Smaki:<\/p>\n<ul>\n<li>\u00a0malinowy<\/li>\n<li>\u015bmietankowy<\/li>\n<li>waniliowy<\/li>\n<li>czekoladowy<\/li>\n<\/ul>\n<p>&nbsp;<\/p>\n<p>Sk\u0142ad: <b>cukier, skrobia ziemniaczana, skrobia kukurydziana, aromat, barwnik (kurkumina, karoteny)<\/b>. Produkt mo\u017ce zawiera\u0107 \u015bladowe ilo\u015bci mleka.[:nl]Smaken:<\/p>\n<p>framboos<br \/>\nroom<br \/>\nvanille<br \/>\nchocolade<\/p>\n<p>&nbsp;<\/p>\n<p>Ingredi\u00ebnten: suiker, aardappelzetmeel, ma\u00efszetmeel, smaak, kleur (curcumine, carotenen). Het product kan sporen van melk bevatten.[:]<\/p>\n","protected":false},"excerpt":{"rendered":"<p>[:pl]Smaki: \u00a0malinowy \u015bmietankowy waniliowy czekoladowy &nbsp; Sk\u0142ad: cukier, skrobia ziemniaczana, skrobia kukurydziana, aromat, barwnik (kurkumina, karoteny). Produkt mo\u017ce zawiera\u0107 \u015bladowe ilo\u015bci mleka.[:nl]Smaken: framboos room vanille chocolade &nbsp; Ingredi\u00ebnten: suiker, aardappelzetmeel, ma\u00efszetmeel, smaak, kleur (curcumine, carotenen). Het product kan sporen van melk bevatten.[:]<\/p>\n","protected":false},"featured_media":10280,"template":"","meta":[],"product_brand":[],"product_cat":[115,109],"product_tag":[],"class_list":{"0":"post-10286","1":"product","2":"type-product","3":"status-publish","4":"has-post-thumbnail","6":"product_cat-budynie","7":"product_cat-produkty-do-pieczenia-i-desery","9":"first","10":"instock","11":"taxable","12":"shipping-taxable","13":"purchasable","14":"product-type-simple"},"_links":{"self":[{"href":"http:\/\/www.polskismak.nl\/index.php\/wp-json\/wp\/v2\/product\/10286","targetHints":{"allow":["GET"]}}],"collection":[{"href":"http:\/\/www.polskismak.nl\/index.php\/wp-json\/wp\/v2\/product"}],"about":[{"href":"http:\/\/www.polskismak.nl\/index.php\/wp-json\/wp\/v2\/types\/product"}],"wp:featuredmedia":[{"embeddable":true,"href":"http:\/\/www.polskismak.nl\/index.php\/wp-json\/wp\/v2\/media\/10280"}],"wp:attachment":[{"href":"http:\/\/www.polskismak.nl\/index.php\/wp-json\/wp\/v2\/media?parent=10286"}],"wp:term":[{"taxonomy":"product_brand","embeddable":true,"href":"http:\/\/www.polskismak.nl\/index.php\/wp-json\/wp\/v2\/product_brand?post=10286"},{"taxonomy":"product_cat","embeddable":true,"href":"http:\/\/www.polskismak.nl\/index.php\/wp-json\/wp\/v2\/product_cat?post=10286"},{"taxonomy":"product_tag","embeddable":true,"href":"http:\/\/www.polskismak.nl\/index.php\/wp-json\/wp\/v2\/product_tag?post=10286"}],"curies":[{"name":"wp","href":"https:\/\/api.w.org\/{rel}","templated":true}]}}