{"id":10314,"date":"2024-05-01T12:03:16","date_gmt":"2024-05-01T12:03:16","guid":{"rendered":"https:\/\/www.polskismak.nl\/?post_type=product&#038;p=10314"},"modified":"2024-06-27T15:59:58","modified_gmt":"2024-06-27T15:59:58","slug":"gellwe-galaretka-rozne-smaki","status":"publish","type":"product","link":"http:\/\/www.polskismak.nl\/index.php\/product\/gellwe-galaretka-rozne-smaki\/","title":{"rendered":"Gellwe Galaretka &#8211; r\u00f3\u017cne smaki"},"content":{"rendered":"<p>[:pl]Smaki:<\/p>\n<ul>\n<li>truskawka<\/li>\n<li>bor\u00f3wka<\/li>\n<li>brzoskwinia<\/li>\n<li>wi\u015bniowy<\/li>\n<li>cytrynowy<\/li>\n<\/ul>\n<p>Sk\u0142ad:<\/p>\n<p>cukier, \u017celatyna wieprzowa, regulator kwasowo\u015bci: kwas cytrynowy, aromat, barwniki: antocyjany, kurkumina, koszenila<\/p>\n<p>Z jednego opakowania mo\u017cna przyrz\u0105dzi\u0107 4 porcje galaretki po ok. 143 g.[:nl]Smaken:<\/p>\n<p>aardbei<br \/>\nbosbes<br \/>\nperzik<br \/>\nkers<br \/>\ncitroenzuur<\/p>\n<p>Samenstelling:<\/p>\n<p>suiker, varkensgelatine, zuurteregelaar: citroenzuur, aroma, kleurstoffen: anthocyanen, curcumine, cochenille<\/p>\n<p>Met \u00e9\u00e9n verpakking kun je 4 porties gelei maken, elk ongeveer 143 g.[:]<\/p>\n","protected":false},"excerpt":{"rendered":"<p>[:pl]Smaki: truskawka bor\u00f3wka brzoskwinia wi\u015bniowy cytrynowy Sk\u0142ad: cukier, \u017celatyna wieprzowa, regulator kwasowo\u015bci: kwas cytrynowy, aromat, barwniki: antocyjany, kurkumina, koszenila Z jednego opakowania mo\u017cna przyrz\u0105dzi\u0107 4 porcje galaretki po ok. 143 g.[:nl]Smaken: aardbei bosbes perzik kers citroenzuur Samenstelling: suiker, varkensgelatine, zuurteregelaar: citroenzuur, aroma, kleurstoffen: anthocyanen, curcumine, cochenille Met \u00e9\u00e9n verpakking kun je 4 porties gelei maken, [&hellip;]<\/p>\n","protected":false},"featured_media":10312,"template":"","meta":[],"product_brand":[],"product_cat":[113,109],"product_tag":[],"class_list":{"0":"post-10314","1":"product","2":"type-product","3":"status-publish","4":"has-post-thumbnail","6":"product_cat-galaretki","7":"product_cat-produkty-do-pieczenia-i-desery","9":"first","10":"instock","11":"taxable","12":"shipping-taxable","13":"purchasable","14":"product-type-simple"},"_links":{"self":[{"href":"http:\/\/www.polskismak.nl\/index.php\/wp-json\/wp\/v2\/product\/10314","targetHints":{"allow":["GET"]}}],"collection":[{"href":"http:\/\/www.polskismak.nl\/index.php\/wp-json\/wp\/v2\/product"}],"about":[{"href":"http:\/\/www.polskismak.nl\/index.php\/wp-json\/wp\/v2\/types\/product"}],"wp:featuredmedia":[{"embeddable":true,"href":"http:\/\/www.polskismak.nl\/index.php\/wp-json\/wp\/v2\/media\/10312"}],"wp:attachment":[{"href":"http:\/\/www.polskismak.nl\/index.php\/wp-json\/wp\/v2\/media?parent=10314"}],"wp:term":[{"taxonomy":"product_brand","embeddable":true,"href":"http:\/\/www.polskismak.nl\/index.php\/wp-json\/wp\/v2\/product_brand?post=10314"},{"taxonomy":"product_cat","embeddable":true,"href":"http:\/\/www.polskismak.nl\/index.php\/wp-json\/wp\/v2\/product_cat?post=10314"},{"taxonomy":"product_tag","embeddable":true,"href":"http:\/\/www.polskismak.nl\/index.php\/wp-json\/wp\/v2\/product_tag?post=10314"}],"curies":[{"name":"wp","href":"https:\/\/api.w.org\/{rel}","templated":true}]}}