{"id":10332,"date":"2024-05-01T12:24:07","date_gmt":"2024-05-01T12:24:07","guid":{"rendered":"https:\/\/www.polskismak.nl\/?post_type=product&#038;p=10332"},"modified":"2024-06-27T15:57:37","modified_gmt":"2024-06-27T15:57:37","slug":"dr-oetker-galaretka-rozne-smaki","status":"publish","type":"product","link":"http:\/\/www.polskismak.nl\/index.php\/product\/dr-oetker-galaretka-rozne-smaki\/","title":{"rendered":"Dr. Oetker &#8211; galaretka &#8211; r\u00f3\u017cne smaki"},"content":{"rendered":"<p>[:pl]Smaki:<\/p>\n<ul>\n<li>poziomka<\/li>\n<li>malina<\/li>\n<\/ul>\n<p>Sk\u0142ad: cukier, \u017celatyna wieprzowa, regulator kwasowo\u015bci (kwas cytrynowy), ekstrakt z czarnej marchwi i hibiskusa, aromat, barwnik (karoteny).[:nl]Smaken:<\/p>\n<p>wilde aardbei<br \/>\nframboos<\/p>\n<p>Ingredi\u00ebnten: suiker, varkensgelatine, zuurteregelaar (citroenzuur), zwarte wortel- en hibiscusextract, smaak, kleur (carotenen).[:]<\/p>\n","protected":false},"excerpt":{"rendered":"<p>[:pl]Smaki: poziomka malina Sk\u0142ad: cukier, \u017celatyna wieprzowa, regulator kwasowo\u015bci (kwas cytrynowy), ekstrakt z czarnej marchwi i hibiskusa, aromat, barwnik (karoteny).[:nl]Smaken: wilde aardbei framboos Ingredi\u00ebnten: suiker, varkensgelatine, zuurteregelaar (citroenzuur), zwarte wortel- en hibiscusextract, smaak, kleur (carotenen).[:]<\/p>\n","protected":false},"featured_media":10310,"template":"","meta":[],"product_brand":[],"product_cat":[113,109],"product_tag":[],"class_list":{"0":"post-10332","1":"product","2":"type-product","3":"status-publish","4":"has-post-thumbnail","6":"product_cat-galaretki","7":"product_cat-produkty-do-pieczenia-i-desery","9":"first","10":"instock","11":"taxable","12":"shipping-taxable","13":"purchasable","14":"product-type-simple"},"_links":{"self":[{"href":"http:\/\/www.polskismak.nl\/index.php\/wp-json\/wp\/v2\/product\/10332","targetHints":{"allow":["GET"]}}],"collection":[{"href":"http:\/\/www.polskismak.nl\/index.php\/wp-json\/wp\/v2\/product"}],"about":[{"href":"http:\/\/www.polskismak.nl\/index.php\/wp-json\/wp\/v2\/types\/product"}],"wp:featuredmedia":[{"embeddable":true,"href":"http:\/\/www.polskismak.nl\/index.php\/wp-json\/wp\/v2\/media\/10310"}],"wp:attachment":[{"href":"http:\/\/www.polskismak.nl\/index.php\/wp-json\/wp\/v2\/media?parent=10332"}],"wp:term":[{"taxonomy":"product_brand","embeddable":true,"href":"http:\/\/www.polskismak.nl\/index.php\/wp-json\/wp\/v2\/product_brand?post=10332"},{"taxonomy":"product_cat","embeddable":true,"href":"http:\/\/www.polskismak.nl\/index.php\/wp-json\/wp\/v2\/product_cat?post=10332"},{"taxonomy":"product_tag","embeddable":true,"href":"http:\/\/www.polskismak.nl\/index.php\/wp-json\/wp\/v2\/product_tag?post=10332"}],"curies":[{"name":"wp","href":"https:\/\/api.w.org\/{rel}","templated":true}]}}