{"id":10983,"date":"2024-06-21T13:31:17","date_gmt":"2024-06-21T13:31:17","guid":{"rendered":"https:\/\/www.polskismak.nl\/?post_type=product&#038;p=10983"},"modified":"2024-06-27T19:10:42","modified_gmt":"2024-06-27T19:10:42","slug":"platki-ryzowe-halina","status":"publish","type":"product","link":"http:\/\/www.polskismak.nl\/index.php\/product\/platki-ryzowe-halina\/","title":{"rendered":"P\u0142atki ry\u017cowe Halina"},"content":{"rendered":"<p>Sk\u0142adniki<br \/>\np\u0142atki ry\u017cowe b\u0142yskawiczne 100%<\/p>\n","protected":false},"excerpt":{"rendered":"<p>Sk\u0142adniki p\u0142atki ry\u017cowe b\u0142yskawiczne 100%<\/p>\n","protected":false},"featured_media":11154,"template":"","meta":[],"product_brand":[],"product_cat":[136,159,139],"product_tag":[],"class_list":{"0":"post-10983","1":"product","2":"type-product","3":"status-publish","4":"has-post-thumbnail","6":"product_cat-produkty-sypkie","7":"product_cat-promocje","8":"product_cat-platki","10":"first","11":"instock","12":"sale","13":"taxable","14":"shipping-taxable","15":"purchasable","16":"product-type-simple"},"_links":{"self":[{"href":"http:\/\/www.polskismak.nl\/index.php\/wp-json\/wp\/v2\/product\/10983","targetHints":{"allow":["GET"]}}],"collection":[{"href":"http:\/\/www.polskismak.nl\/index.php\/wp-json\/wp\/v2\/product"}],"about":[{"href":"http:\/\/www.polskismak.nl\/index.php\/wp-json\/wp\/v2\/types\/product"}],"wp:featuredmedia":[{"embeddable":true,"href":"http:\/\/www.polskismak.nl\/index.php\/wp-json\/wp\/v2\/media\/11154"}],"wp:attachment":[{"href":"http:\/\/www.polskismak.nl\/index.php\/wp-json\/wp\/v2\/media?parent=10983"}],"wp:term":[{"taxonomy":"product_brand","embeddable":true,"href":"http:\/\/www.polskismak.nl\/index.php\/wp-json\/wp\/v2\/product_brand?post=10983"},{"taxonomy":"product_cat","embeddable":true,"href":"http:\/\/www.polskismak.nl\/index.php\/wp-json\/wp\/v2\/product_cat?post=10983"},{"taxonomy":"product_tag","embeddable":true,"href":"http:\/\/www.polskismak.nl\/index.php\/wp-json\/wp\/v2\/product_tag?post=10983"}],"curies":[{"name":"wp","href":"https:\/\/api.w.org\/{rel}","templated":true}]}}