{"id":11231,"date":"2024-07-03T13:44:13","date_gmt":"2024-07-03T13:44:13","guid":{"rendered":"https:\/\/www.polskismak.nl\/?post_type=product&#038;p=11231"},"modified":"2024-07-17T11:16:10","modified_gmt":"2024-07-17T11:16:10","slug":"kamis-cytrynowy-losos-w-ziolach","status":"publish","type":"product","link":"http:\/\/www.polskismak.nl\/index.php\/product\/kamis-cytrynowy-losos-w-ziolach\/","title":{"rendered":"Kamis Cytrynowy \u0142oso\u015b w zio\u0142ach"},"content":{"rendered":"<p>Produkt mo\u017ce zawiera\u0107: jaja, mleko (\u0142\u0105cznie z laktoz\u0105), soj\u0119, gorczyc\u0119, seler i orzeszki ziemne.<\/p>\n","protected":false},"excerpt":{"rendered":"<p>Produkt mo\u017ce zawiera\u0107: jaja, mleko (\u0142\u0105cznie z laktoz\u0105), soj\u0119, gorczyc\u0119, seler i orzeszki ziemne.<\/p>\n","protected":false},"featured_media":11103,"template":"","meta":[],"product_brand":[],"product_cat":[147,146],"product_tag":[],"class_list":{"0":"post-11231","1":"product","2":"type-product","3":"status-publish","4":"has-post-thumbnail","6":"product_cat-przyprawy","7":"product_cat-przyprawy-i-sosy","9":"first","10":"instock","11":"taxable","12":"shipping-taxable","13":"purchasable","14":"product-type-simple"},"_links":{"self":[{"href":"http:\/\/www.polskismak.nl\/index.php\/wp-json\/wp\/v2\/product\/11231","targetHints":{"allow":["GET"]}}],"collection":[{"href":"http:\/\/www.polskismak.nl\/index.php\/wp-json\/wp\/v2\/product"}],"about":[{"href":"http:\/\/www.polskismak.nl\/index.php\/wp-json\/wp\/v2\/types\/product"}],"wp:featuredmedia":[{"embeddable":true,"href":"http:\/\/www.polskismak.nl\/index.php\/wp-json\/wp\/v2\/media\/11103"}],"wp:attachment":[{"href":"http:\/\/www.polskismak.nl\/index.php\/wp-json\/wp\/v2\/media?parent=11231"}],"wp:term":[{"taxonomy":"product_brand","embeddable":true,"href":"http:\/\/www.polskismak.nl\/index.php\/wp-json\/wp\/v2\/product_brand?post=11231"},{"taxonomy":"product_cat","embeddable":true,"href":"http:\/\/www.polskismak.nl\/index.php\/wp-json\/wp\/v2\/product_cat?post=11231"},{"taxonomy":"product_tag","embeddable":true,"href":"http:\/\/www.polskismak.nl\/index.php\/wp-json\/wp\/v2\/product_tag?post=11231"}],"curies":[{"name":"wp","href":"https:\/\/api.w.org\/{rel}","templated":true}]}}