{"id":11284,"date":"2024-07-10T12:13:43","date_gmt":"2024-07-10T12:13:43","guid":{"rendered":"https:\/\/www.polskismak.nl\/?post_type=product&#038;p=11284"},"modified":"2025-01-23T13:33:07","modified_gmt":"2025-01-23T13:33:07","slug":"aromat-do-ciast-pomaranczowy","status":"publish","type":"product","link":"http:\/\/www.polskismak.nl\/index.php\/product\/aromat-do-ciast-pomaranczowy\/","title":{"rendered":"Aromat do ciast pomara\u0144czowy"},"content":{"rendered":"<p>Sk\u0142adniki<br \/>\nolej rzepakowy<\/p>\n<p>aromat<\/p>\n<p>Tekst dotycz\u0105cy alergen\u00f3w<br \/>\nProdukt mo\u017ce zawiera\u0107 gluten, jaja, mleko, soj\u0119, orzechy, orzeszki ziemne i nasiona sezamu.<\/p>\n","protected":false},"excerpt":{"rendered":"<p>Sk\u0142adniki olej rzepakowy aromat Tekst dotycz\u0105cy alergen\u00f3w Produkt mo\u017ce zawiera\u0107 gluten, jaja, mleko, soj\u0119, orzechy, orzeszki ziemne i nasiona sezamu.<\/p>\n","protected":false},"featured_media":11267,"template":"","meta":[],"product_brand":[],"product_cat":[111,109],"product_tag":[],"class_list":{"0":"post-11284","1":"product","2":"type-product","3":"status-publish","4":"has-post-thumbnail","6":"product_cat-dodatki-cukiernicze","7":"product_cat-produkty-do-pieczenia-i-desery","9":"first","10":"instock","11":"taxable","12":"shipping-taxable","13":"purchasable","14":"product-type-simple"},"_links":{"self":[{"href":"http:\/\/www.polskismak.nl\/index.php\/wp-json\/wp\/v2\/product\/11284","targetHints":{"allow":["GET"]}}],"collection":[{"href":"http:\/\/www.polskismak.nl\/index.php\/wp-json\/wp\/v2\/product"}],"about":[{"href":"http:\/\/www.polskismak.nl\/index.php\/wp-json\/wp\/v2\/types\/product"}],"wp:featuredmedia":[{"embeddable":true,"href":"http:\/\/www.polskismak.nl\/index.php\/wp-json\/wp\/v2\/media\/11267"}],"wp:attachment":[{"href":"http:\/\/www.polskismak.nl\/index.php\/wp-json\/wp\/v2\/media?parent=11284"}],"wp:term":[{"taxonomy":"product_brand","embeddable":true,"href":"http:\/\/www.polskismak.nl\/index.php\/wp-json\/wp\/v2\/product_brand?post=11284"},{"taxonomy":"product_cat","embeddable":true,"href":"http:\/\/www.polskismak.nl\/index.php\/wp-json\/wp\/v2\/product_cat?post=11284"},{"taxonomy":"product_tag","embeddable":true,"href":"http:\/\/www.polskismak.nl\/index.php\/wp-json\/wp\/v2\/product_tag?post=11284"}],"curies":[{"name":"wp","href":"https:\/\/api.w.org\/{rel}","templated":true}]}}