{"id":11286,"date":"2024-07-10T12:22:01","date_gmt":"2024-07-10T12:22:01","guid":{"rendered":"https:\/\/www.polskismak.nl\/?post_type=product&#038;p=11286"},"modified":"2025-11-13T14:17:07","modified_gmt":"2025-11-13T14:17:07","slug":"pamapol-zupa-grochowa-z-boczkiem-wedzonym","status":"publish","type":"product","link":"http:\/\/www.polskismak.nl\/index.php\/product\/pamapol-zupa-grochowa-z-boczkiem-wedzonym\/","title":{"rendered":"Pamapol Zupa grochowa z boczkiem w\u0119dzonym"},"content":{"rendered":"<p>Sk\u0142adniki<br \/>\nBulion drobiowy (woda, korpus z kurczaka, s\u00f3l), warzywa w zmiennych proporcjach 13% (ziemniak, marchew, pietruszka), groch 10%, boczek wieprzowy w\u0119dzony 2% (boczek wieprzowy, s\u00f3l), m\u0105ka pszenna, s\u00f3l, m\u0105ka grochowa, majeranek, ekstrakty przypraw<\/p>\n<p>Zalecenia dla alergik\u00f3w<br \/>\nProdukt mo\u017ce zawiera\u0107: seler, soj\u0119, gluten (z \u017cyta), jaja, gorczyc\u0119, sezam, mleko \u0142\u0105cznie z laktoz<\/p>\n","protected":false},"excerpt":{"rendered":"<p>Sk\u0142adniki Bulion drobiowy (woda, korpus z kurczaka, s\u00f3l), warzywa w zmiennych proporcjach 13% (ziemniak, marchew, pietruszka), groch 10%, boczek wieprzowy w\u0119dzony 2% (boczek wieprzowy, s\u00f3l), m\u0105ka pszenna, s\u00f3l, m\u0105ka grochowa, majeranek, ekstrakty przypraw Zalecenia dla alergik\u00f3w Produkt mo\u017ce zawiera\u0107: seler, soj\u0119, gluten (z \u017cyta), jaja, gorczyc\u0119, sezam, mleko \u0142\u0105cznie z laktoz<\/p>\n","protected":false},"featured_media":11268,"template":"","meta":[],"product_brand":[],"product_cat":[142,144],"product_tag":[],"class_list":{"0":"post-11286","1":"product","2":"type-product","3":"status-publish","4":"has-post-thumbnail","6":"product_cat-gotowe-dania","7":"product_cat-zupy-i-buliony","9":"first","10":"onbackorder","11":"taxable","12":"shipping-taxable","13":"purchasable","14":"product-type-simple"},"_links":{"self":[{"href":"http:\/\/www.polskismak.nl\/index.php\/wp-json\/wp\/v2\/product\/11286","targetHints":{"allow":["GET"]}}],"collection":[{"href":"http:\/\/www.polskismak.nl\/index.php\/wp-json\/wp\/v2\/product"}],"about":[{"href":"http:\/\/www.polskismak.nl\/index.php\/wp-json\/wp\/v2\/types\/product"}],"wp:featuredmedia":[{"embeddable":true,"href":"http:\/\/www.polskismak.nl\/index.php\/wp-json\/wp\/v2\/media\/11268"}],"wp:attachment":[{"href":"http:\/\/www.polskismak.nl\/index.php\/wp-json\/wp\/v2\/media?parent=11286"}],"wp:term":[{"taxonomy":"product_brand","embeddable":true,"href":"http:\/\/www.polskismak.nl\/index.php\/wp-json\/wp\/v2\/product_brand?post=11286"},{"taxonomy":"product_cat","embeddable":true,"href":"http:\/\/www.polskismak.nl\/index.php\/wp-json\/wp\/v2\/product_cat?post=11286"},{"taxonomy":"product_tag","embeddable":true,"href":"http:\/\/www.polskismak.nl\/index.php\/wp-json\/wp\/v2\/product_tag?post=11286"}],"curies":[{"name":"wp","href":"https:\/\/api.w.org\/{rel}","templated":true}]}}