{"id":11324,"date":"2024-07-10T14:25:13","date_gmt":"2024-07-10T14:25:13","guid":{"rendered":"https:\/\/www.polskismak.nl\/?post_type=product&#038;p=11324"},"modified":"2025-11-13T14:12:58","modified_gmt":"2025-11-13T14:12:58","slug":"pudliszki-gulasz-wieprzowo-wolowy","status":"publish","type":"product","link":"http:\/\/www.polskismak.nl\/index.php\/product\/pudliszki-gulasz-wieprzowo-wolowy\/","title":{"rendered":"Pudliszki Gulasz wieprzowo-wo\u0142owy"},"content":{"rendered":"<p>Sk\u0142adniki mi\u0119so (wieprzowe 31%, wo\u0142owe 14%) woda cebula 12% koncentrat pomidorowy skrobia modyfikowana m\u0105ka pszenna cukier s\u00f3l olej rzepakowy przyprawa smakowa [maltodekstryna, s\u00f3l, cukier, olej rzepakowy, warzywa, przyprawy, ekstrakt dro\u017cd\u017cowey, aromat, wzmacniacze smaku (5&#8242; -rybonukleotydy disodowe), regulator kwasowo\u015bci (kwas cytrynowy)] przyprawy barwnik (karamel)<\/p>\n","protected":false},"excerpt":{"rendered":"<p>Sk\u0142adniki mi\u0119so (wieprzowe 31%, wo\u0142owe 14%) woda cebula 12% koncentrat pomidorowy skrobia modyfikowana m\u0105ka pszenna cukier s\u00f3l olej rzepakowy przyprawa smakowa [maltodekstryna, s\u00f3l, cukier, olej rzepakowy, warzywa, przyprawy, ekstrakt dro\u017cd\u017cowey, aromat, wzmacniacze smaku (5&#8242; -rybonukleotydy disodowe), regulator kwasowo\u015bci (kwas cytrynowy)] przyprawy barwnik (karamel)<\/p>\n","protected":false},"featured_media":11273,"template":"","meta":[],"product_brand":[],"product_cat":[142,143,122,119],"product_tag":[],"class_list":{"0":"post-11324","1":"product","2":"type-product","3":"status-publish","4":"has-post-thumbnail","6":"product_cat-gotowe-dania","7":"product_cat-gotowe-posilki","8":"product_cat-konserwy-miesne-i-pasztety","9":"product_cat-przetwory","11":"first","12":"instock","13":"taxable","14":"shipping-taxable","15":"purchasable","16":"product-type-simple"},"_links":{"self":[{"href":"http:\/\/www.polskismak.nl\/index.php\/wp-json\/wp\/v2\/product\/11324","targetHints":{"allow":["GET"]}}],"collection":[{"href":"http:\/\/www.polskismak.nl\/index.php\/wp-json\/wp\/v2\/product"}],"about":[{"href":"http:\/\/www.polskismak.nl\/index.php\/wp-json\/wp\/v2\/types\/product"}],"wp:featuredmedia":[{"embeddable":true,"href":"http:\/\/www.polskismak.nl\/index.php\/wp-json\/wp\/v2\/media\/11273"}],"wp:attachment":[{"href":"http:\/\/www.polskismak.nl\/index.php\/wp-json\/wp\/v2\/media?parent=11324"}],"wp:term":[{"taxonomy":"product_brand","embeddable":true,"href":"http:\/\/www.polskismak.nl\/index.php\/wp-json\/wp\/v2\/product_brand?post=11324"},{"taxonomy":"product_cat","embeddable":true,"href":"http:\/\/www.polskismak.nl\/index.php\/wp-json\/wp\/v2\/product_cat?post=11324"},{"taxonomy":"product_tag","embeddable":true,"href":"http:\/\/www.polskismak.nl\/index.php\/wp-json\/wp\/v2\/product_tag?post=11324"}],"curies":[{"name":"wp","href":"https:\/\/api.w.org\/{rel}","templated":true}]}}