{"id":11326,"date":"2024-07-10T14:29:26","date_gmt":"2024-07-10T14:29:26","guid":{"rendered":"https:\/\/www.polskismak.nl\/?post_type=product&#038;p=11326"},"modified":"2024-07-17T09:56:38","modified_gmt":"2024-07-17T09:56:38","slug":"gulasz-angielski","status":"publish","type":"product","link":"http:\/\/www.polskismak.nl\/index.php\/product\/gulasz-angielski\/","title":{"rendered":"Gulasz angielski"},"content":{"rendered":"<p>Sk\u0142ad: mi\u0119so wieprzowe 94%, s\u00f3l, stabilizatory: E450, pieprz bia\u0142y, przeciwutleniacz: askorbinian sodu, azotyn sodu, substancja konserwuj\u0105ca.<\/p>\n","protected":false},"excerpt":{"rendered":"<p>Sk\u0142ad: mi\u0119so wieprzowe 94%, s\u00f3l, stabilizatory: E450, pieprz bia\u0142y, przeciwutleniacz: askorbinian sodu, azotyn sodu, substancja konserwuj\u0105ca.<\/p>\n","protected":false},"featured_media":11274,"template":"","meta":[],"product_brand":[],"product_cat":[122,119],"product_tag":[],"class_list":{"0":"post-11326","1":"product","2":"type-product","3":"status-publish","4":"has-post-thumbnail","6":"product_cat-konserwy-miesne-i-pasztety","7":"product_cat-przetwory","9":"first","10":"instock","11":"taxable","12":"shipping-taxable","13":"purchasable","14":"product-type-simple"},"_links":{"self":[{"href":"http:\/\/www.polskismak.nl\/index.php\/wp-json\/wp\/v2\/product\/11326","targetHints":{"allow":["GET"]}}],"collection":[{"href":"http:\/\/www.polskismak.nl\/index.php\/wp-json\/wp\/v2\/product"}],"about":[{"href":"http:\/\/www.polskismak.nl\/index.php\/wp-json\/wp\/v2\/types\/product"}],"wp:featuredmedia":[{"embeddable":true,"href":"http:\/\/www.polskismak.nl\/index.php\/wp-json\/wp\/v2\/media\/11274"}],"wp:attachment":[{"href":"http:\/\/www.polskismak.nl\/index.php\/wp-json\/wp\/v2\/media?parent=11326"}],"wp:term":[{"taxonomy":"product_brand","embeddable":true,"href":"http:\/\/www.polskismak.nl\/index.php\/wp-json\/wp\/v2\/product_brand?post=11326"},{"taxonomy":"product_cat","embeddable":true,"href":"http:\/\/www.polskismak.nl\/index.php\/wp-json\/wp\/v2\/product_cat?post=11326"},{"taxonomy":"product_tag","embeddable":true,"href":"http:\/\/www.polskismak.nl\/index.php\/wp-json\/wp\/v2\/product_tag?post=11326"}],"curies":[{"name":"wp","href":"https:\/\/api.w.org\/{rel}","templated":true}]}}