{"id":11332,"date":"2024-07-10T14:36:39","date_gmt":"2024-07-10T14:36:39","guid":{"rendered":"https:\/\/www.polskismak.nl\/?post_type=product&#038;p=11332"},"modified":"2025-11-13T14:03:50","modified_gmt":"2025-11-13T14:03:50","slug":"spichlerz-rusiecki-kielbasa-lekko-czosnkowa","status":"publish","type":"product","link":"http:\/\/www.polskismak.nl\/index.php\/product\/spichlerz-rusiecki-kielbasa-lekko-czosnkowa\/","title":{"rendered":"Spichlerz Rusiecki  Kie\u0142basa lekko czosnkowa"},"content":{"rendered":"<p>Sk\u0142adniki: Mi\u0119so wieprzowe 80 %, woda, t\u0142uszcz wieprzowy, s\u00f3l, czosnek suszony 0,6 % , stabilizator: trifosforany; bia\u0142ko wieprzowe kolagenowe, substancja \u017celuj\u0105ca: przetworzone wodorosty morskie z gatunku eucheuma; przeciwutleniacz: izoaskorbinian sodu; warzywa suszone (marchew, pasternak, pomidory, cebula, czosnek), cukier, hydrolizat bia\u0142ka sojowego, seler li\u015bcie, pietruszka na\u0107, ekstrakt dro\u017cd\u017cowy, przyprawy, substancja konserwuj\u0105ca: azotyn sodu.<\/p>\n","protected":false},"excerpt":{"rendered":"<p>Sk\u0142adniki: Mi\u0119so wieprzowe 80 %, woda, t\u0142uszcz wieprzowy, s\u00f3l, czosnek suszony 0,6 % , stabilizator: trifosforany; bia\u0142ko wieprzowe kolagenowe, substancja \u017celuj\u0105ca: przetworzone wodorosty morskie z gatunku eucheuma; przeciwutleniacz: izoaskorbinian sodu; warzywa suszone (marchew, pasternak, pomidory, cebula, czosnek), cukier, hydrolizat bia\u0142ka sojowego, seler li\u015bcie, pietruszka na\u0107, ekstrakt dro\u017cd\u017cowy, przyprawy, substancja konserwuj\u0105ca: azotyn sodu.<\/p>\n","protected":false},"featured_media":11288,"template":"","meta":[],"product_brand":[],"product_cat":[122,119],"product_tag":[],"class_list":{"0":"post-11332","1":"product","2":"type-product","3":"status-publish","4":"has-post-thumbnail","6":"product_cat-konserwy-miesne-i-pasztety","7":"product_cat-przetwory","9":"first","10":"instock","11":"taxable","12":"shipping-taxable","13":"purchasable","14":"product-type-simple"},"_links":{"self":[{"href":"http:\/\/www.polskismak.nl\/index.php\/wp-json\/wp\/v2\/product\/11332","targetHints":{"allow":["GET"]}}],"collection":[{"href":"http:\/\/www.polskismak.nl\/index.php\/wp-json\/wp\/v2\/product"}],"about":[{"href":"http:\/\/www.polskismak.nl\/index.php\/wp-json\/wp\/v2\/types\/product"}],"wp:featuredmedia":[{"embeddable":true,"href":"http:\/\/www.polskismak.nl\/index.php\/wp-json\/wp\/v2\/media\/11288"}],"wp:attachment":[{"href":"http:\/\/www.polskismak.nl\/index.php\/wp-json\/wp\/v2\/media?parent=11332"}],"wp:term":[{"taxonomy":"product_brand","embeddable":true,"href":"http:\/\/www.polskismak.nl\/index.php\/wp-json\/wp\/v2\/product_brand?post=11332"},{"taxonomy":"product_cat","embeddable":true,"href":"http:\/\/www.polskismak.nl\/index.php\/wp-json\/wp\/v2\/product_cat?post=11332"},{"taxonomy":"product_tag","embeddable":true,"href":"http:\/\/www.polskismak.nl\/index.php\/wp-json\/wp\/v2\/product_tag?post=11332"}],"curies":[{"name":"wp","href":"https:\/\/api.w.org\/{rel}","templated":true}]}}