{"id":11341,"date":"2024-07-12T14:20:24","date_gmt":"2024-07-12T14:20:24","guid":{"rendered":"https:\/\/www.polskismak.nl\/?post_type=product&#038;p=11341"},"modified":"2025-11-13T13:58:26","modified_gmt":"2025-11-13T13:58:26","slug":"pasztet-z-kaczka","status":"publish","type":"product","link":"http:\/\/www.polskismak.nl\/index.php\/product\/pasztet-z-kaczka\/","title":{"rendered":"Pasztet z kaczk\u0105"},"content":{"rendered":"<p>Sk\u0142adniki; woda. mi\u0119so oddzielone mechanicznie z kurcz\u0105t 14%. sk\u00f3rki z kaczki 9%. w\u0105troba z kurcz\u0105t 8%. mi\u0119so mechanicznie oddzielone z kaczki 7%. sk\u00f3rki z kurcz\u0105t. m\u0105ka pszenna. sk\u00f3rki wieprzowe. przyprawy. s\u00f3l. skrobia ziemniaczana. bia\u0142ko z kurczaka. b\u0142onnik pszenny. produkt mo\u017ce zawiera\u0107 soj\u0119 .gorczyc\u0119 i seler. zawarto\u015b\u0107 surowc\u00f3w z kurcz\u0105t 31%.z kaczki 16%. wieprzowych 6%<\/p>\n","protected":false},"excerpt":{"rendered":"<p>Sk\u0142adniki; woda. mi\u0119so oddzielone mechanicznie z kurcz\u0105t 14%. sk\u00f3rki z kaczki 9%. w\u0105troba z kurcz\u0105t 8%. mi\u0119so mechanicznie oddzielone z kaczki 7%. sk\u00f3rki z kurcz\u0105t. m\u0105ka pszenna. sk\u00f3rki wieprzowe. przyprawy. s\u00f3l. skrobia ziemniaczana. bia\u0142ko z kurczaka. b\u0142onnik pszenny. produkt mo\u017ce zawiera\u0107 soj\u0119 .gorczyc\u0119 i seler. zawarto\u015b\u0107 surowc\u00f3w z kurcz\u0105t 31%.z kaczki 16%. wieprzowych 6%<\/p>\n","protected":false},"featured_media":11293,"template":"","meta":[],"product_brand":[],"product_cat":[122,119],"product_tag":[],"class_list":{"0":"post-11341","1":"product","2":"type-product","3":"status-publish","4":"has-post-thumbnail","6":"product_cat-konserwy-miesne-i-pasztety","7":"product_cat-przetwory","9":"first","10":"instock","11":"taxable","12":"shipping-taxable","13":"purchasable","14":"product-type-simple"},"_links":{"self":[{"href":"http:\/\/www.polskismak.nl\/index.php\/wp-json\/wp\/v2\/product\/11341","targetHints":{"allow":["GET"]}}],"collection":[{"href":"http:\/\/www.polskismak.nl\/index.php\/wp-json\/wp\/v2\/product"}],"about":[{"href":"http:\/\/www.polskismak.nl\/index.php\/wp-json\/wp\/v2\/types\/product"}],"wp:featuredmedia":[{"embeddable":true,"href":"http:\/\/www.polskismak.nl\/index.php\/wp-json\/wp\/v2\/media\/11293"}],"wp:attachment":[{"href":"http:\/\/www.polskismak.nl\/index.php\/wp-json\/wp\/v2\/media?parent=11341"}],"wp:term":[{"taxonomy":"product_brand","embeddable":true,"href":"http:\/\/www.polskismak.nl\/index.php\/wp-json\/wp\/v2\/product_brand?post=11341"},{"taxonomy":"product_cat","embeddable":true,"href":"http:\/\/www.polskismak.nl\/index.php\/wp-json\/wp\/v2\/product_cat?post=11341"},{"taxonomy":"product_tag","embeddable":true,"href":"http:\/\/www.polskismak.nl\/index.php\/wp-json\/wp\/v2\/product_tag?post=11341"}],"curies":[{"name":"wp","href":"https:\/\/api.w.org\/{rel}","templated":true}]}}