{"id":11345,"date":"2024-07-12T14:37:17","date_gmt":"2024-07-12T14:37:17","guid":{"rendered":"https:\/\/www.polskismak.nl\/?post_type=product&#038;p=11345"},"modified":"2025-11-13T13:56:55","modified_gmt":"2025-11-13T13:56:55","slug":"konserwa-turystyczna","status":"publish","type":"product","link":"http:\/\/www.polskismak.nl\/index.php\/product\/konserwa-turystyczna\/","title":{"rendered":"Konserwa turystyczna"},"content":{"rendered":"<p>Sk\u0142adniki: mi\u0119so wieprzowe 50%, woda, mi\u0119so oddzielone mechanicznie z kurczaka 12%, sk\u00f3rki wieprzowe 4%, kasza manna (gluten), skrobia modyfikowana, stabilizatory: E451, E450, substancja zag\u0119szczaj\u0105ca E407, stabilizator E331, wzmacniacz smaku: E621, E635, aromaty, przeciwutleniacz E316, s\u00f3l, substancja konserwuj\u0105ca E250, pieprz. Produkt mo\u017ce zawiera\u0107 ryby, gorczyc\u0119, seler, soj\u0119, gluten.<\/p>\n","protected":false},"excerpt":{"rendered":"<p>Sk\u0142adniki: mi\u0119so wieprzowe 50%, woda, mi\u0119so oddzielone mechanicznie z kurczaka 12%, sk\u00f3rki wieprzowe 4%, kasza manna (gluten), skrobia modyfikowana, stabilizatory: E451, E450, substancja zag\u0119szczaj\u0105ca E407, stabilizator E331, wzmacniacz smaku: E621, E635, aromaty, przeciwutleniacz E316, s\u00f3l, substancja konserwuj\u0105ca E250, pieprz. Produkt mo\u017ce zawiera\u0107 ryby, gorczyc\u0119, seler, soj\u0119, gluten.<\/p>\n","protected":false},"featured_media":11300,"template":"","meta":[],"product_brand":[],"product_cat":[122,119],"product_tag":[],"class_list":{"0":"post-11345","1":"product","2":"type-product","3":"status-publish","4":"has-post-thumbnail","6":"product_cat-konserwy-miesne-i-pasztety","7":"product_cat-przetwory","9":"first","10":"onbackorder","11":"taxable","12":"shipping-taxable","13":"purchasable","14":"product-type-simple"},"_links":{"self":[{"href":"http:\/\/www.polskismak.nl\/index.php\/wp-json\/wp\/v2\/product\/11345","targetHints":{"allow":["GET"]}}],"collection":[{"href":"http:\/\/www.polskismak.nl\/index.php\/wp-json\/wp\/v2\/product"}],"about":[{"href":"http:\/\/www.polskismak.nl\/index.php\/wp-json\/wp\/v2\/types\/product"}],"wp:featuredmedia":[{"embeddable":true,"href":"http:\/\/www.polskismak.nl\/index.php\/wp-json\/wp\/v2\/media\/11300"}],"wp:attachment":[{"href":"http:\/\/www.polskismak.nl\/index.php\/wp-json\/wp\/v2\/media?parent=11345"}],"wp:term":[{"taxonomy":"product_brand","embeddable":true,"href":"http:\/\/www.polskismak.nl\/index.php\/wp-json\/wp\/v2\/product_brand?post=11345"},{"taxonomy":"product_cat","embeddable":true,"href":"http:\/\/www.polskismak.nl\/index.php\/wp-json\/wp\/v2\/product_cat?post=11345"},{"taxonomy":"product_tag","embeddable":true,"href":"http:\/\/www.polskismak.nl\/index.php\/wp-json\/wp\/v2\/product_tag?post=11345"}],"curies":[{"name":"wp","href":"https:\/\/api.w.org\/{rel}","templated":true}]}}