{"id":11347,"date":"2024-07-12T14:40:44","date_gmt":"2024-07-12T14:40:44","guid":{"rendered":"https:\/\/www.polskismak.nl\/?post_type=product&#038;p=11347"},"modified":"2025-11-13T13:56:37","modified_gmt":"2025-11-13T13:56:37","slug":"paprykarz-szczecinski-300g","status":"publish","type":"product","link":"http:\/\/www.polskismak.nl\/index.php\/product\/paprykarz-szczecinski-300g\/","title":{"rendered":"Paprykarz szczeci\u0144ski 300g"},"content":{"rendered":"<p>Rozdrobnione mi\u0119so ryb (40%); woda, marchew, kapusta, ry\u017c, koncentrat pomidorowy, s\u00f3l, b\u0142onnik sojowy, olej ro\u015blinny, przyprawy.<br \/>\nMo\u017ce zawiera\u0107 \u015bladowe ilo\u015bci: gorczycy, glutenu, mleka, selera, soi.<\/p>\n","protected":false},"excerpt":{"rendered":"<p>Rozdrobnione mi\u0119so ryb (40%); woda, marchew, kapusta, ry\u017c, koncentrat pomidorowy, s\u00f3l, b\u0142onnik sojowy, olej ro\u015blinny, przyprawy. Mo\u017ce zawiera\u0107 \u015bladowe ilo\u015bci: gorczycy, glutenu, mleka, selera, soi.<\/p>\n","protected":false},"featured_media":11299,"template":"","meta":[],"product_brand":[],"product_cat":[121,119],"product_tag":[],"class_list":{"0":"post-11347","1":"product","2":"type-product","3":"status-publish","4":"has-post-thumbnail","6":"product_cat-konserwy-rybne","7":"product_cat-przetwory","9":"first","10":"instock","11":"taxable","12":"shipping-taxable","13":"purchasable","14":"product-type-simple"},"_links":{"self":[{"href":"http:\/\/www.polskismak.nl\/index.php\/wp-json\/wp\/v2\/product\/11347","targetHints":{"allow":["GET"]}}],"collection":[{"href":"http:\/\/www.polskismak.nl\/index.php\/wp-json\/wp\/v2\/product"}],"about":[{"href":"http:\/\/www.polskismak.nl\/index.php\/wp-json\/wp\/v2\/types\/product"}],"wp:featuredmedia":[{"embeddable":true,"href":"http:\/\/www.polskismak.nl\/index.php\/wp-json\/wp\/v2\/media\/11299"}],"wp:attachment":[{"href":"http:\/\/www.polskismak.nl\/index.php\/wp-json\/wp\/v2\/media?parent=11347"}],"wp:term":[{"taxonomy":"product_brand","embeddable":true,"href":"http:\/\/www.polskismak.nl\/index.php\/wp-json\/wp\/v2\/product_brand?post=11347"},{"taxonomy":"product_cat","embeddable":true,"href":"http:\/\/www.polskismak.nl\/index.php\/wp-json\/wp\/v2\/product_cat?post=11347"},{"taxonomy":"product_tag","embeddable":true,"href":"http:\/\/www.polskismak.nl\/index.php\/wp-json\/wp\/v2\/product_tag?post=11347"}],"curies":[{"name":"wp","href":"https:\/\/api.w.org\/{rel}","templated":true}]}}