{"id":11349,"date":"2024-07-12T14:46:37","date_gmt":"2024-07-12T14:46:37","guid":{"rendered":"https:\/\/www.polskismak.nl\/?post_type=product&#038;p=11349"},"modified":"2025-11-13T13:56:26","modified_gmt":"2025-11-13T13:56:26","slug":"szprot-w-sosie-pomidorowym","status":"publish","type":"product","link":"http:\/\/www.polskismak.nl\/index.php\/product\/szprot-w-sosie-pomidorowym\/","title":{"rendered":"Szprot w sosie pomidorowym"},"content":{"rendered":"<p>szprot 60% (ryba*** Sprattus sprattus (SS), obszar po\u0142owu: P\u00f3\u0142nocno-Wschodni Atlantyk FAO 27 lub Morze Ba\u0142tyckie FAO 27llld, metoda po\u0142owu: w\u0142ok pelagiczny (wp)), sos pomidorowy (40%) \u2013 woda, koncentrat pomidorowy (10%), cukier, olej rzepakowy, skrobia modyfikowana, ocet spirytusowy, s\u00f3l, pomidory w proszku, cebula suszona, ekstrakt przypraw (pieprz, ziele angielskie, pietruszka, seler, go\u017adziki, chilli), przyprawy, substancje zag\u0119szczaj\u0105ce (guma guar, guma ksantanowa), ekstrakt papryki, maltodekstryna, *** nazwa \u0142aci\u0144ska, obszar i metoda po\u0142owu wskazane w numerze partii po literze P.<br \/>\nMo\u017ce zawiera\u0107 \u015bladowe ilo\u015bci: gorczycy,glutenu, mleka, selera, soi.<\/p>\n","protected":false},"excerpt":{"rendered":"<p>szprot 60% (ryba*** Sprattus sprattus (SS), obszar po\u0142owu: P\u00f3\u0142nocno-Wschodni Atlantyk FAO 27 lub Morze Ba\u0142tyckie FAO 27llld, metoda po\u0142owu: w\u0142ok pelagiczny (wp)), sos pomidorowy (40%) \u2013 woda, koncentrat pomidorowy (10%), cukier, olej rzepakowy, skrobia modyfikowana, ocet spirytusowy, s\u00f3l, pomidory w proszku, cebula suszona, ekstrakt przypraw (pieprz, ziele angielskie, pietruszka, seler, go\u017adziki, chilli), przyprawy, substancje zag\u0119szczaj\u0105ce [&hellip;]<\/p>\n","protected":false},"featured_media":11303,"template":"","meta":[],"product_brand":[],"product_cat":[121,119],"product_tag":[],"class_list":{"0":"post-11349","1":"product","2":"type-product","3":"status-publish","4":"has-post-thumbnail","6":"product_cat-konserwy-rybne","7":"product_cat-przetwory","9":"first","10":"instock","11":"taxable","12":"shipping-taxable","13":"purchasable","14":"product-type-simple"},"_links":{"self":[{"href":"http:\/\/www.polskismak.nl\/index.php\/wp-json\/wp\/v2\/product\/11349","targetHints":{"allow":["GET"]}}],"collection":[{"href":"http:\/\/www.polskismak.nl\/index.php\/wp-json\/wp\/v2\/product"}],"about":[{"href":"http:\/\/www.polskismak.nl\/index.php\/wp-json\/wp\/v2\/types\/product"}],"wp:featuredmedia":[{"embeddable":true,"href":"http:\/\/www.polskismak.nl\/index.php\/wp-json\/wp\/v2\/media\/11303"}],"wp:attachment":[{"href":"http:\/\/www.polskismak.nl\/index.php\/wp-json\/wp\/v2\/media?parent=11349"}],"wp:term":[{"taxonomy":"product_brand","embeddable":true,"href":"http:\/\/www.polskismak.nl\/index.php\/wp-json\/wp\/v2\/product_brand?post=11349"},{"taxonomy":"product_cat","embeddable":true,"href":"http:\/\/www.polskismak.nl\/index.php\/wp-json\/wp\/v2\/product_cat?post=11349"},{"taxonomy":"product_tag","embeddable":true,"href":"http:\/\/www.polskismak.nl\/index.php\/wp-json\/wp\/v2\/product_tag?post=11349"}],"curies":[{"name":"wp","href":"https:\/\/api.w.org\/{rel}","templated":true}]}}