{"id":11353,"date":"2024-07-13T11:01:31","date_gmt":"2024-07-13T11:01:31","guid":{"rendered":"https:\/\/www.polskismak.nl\/?post_type=product&#038;p=11353"},"modified":"2025-11-13T13:56:12","modified_gmt":"2025-11-13T13:56:12","slug":"filety-z-makreli-w-sosie-pomidorowym","status":"publish","type":"product","link":"http:\/\/www.polskismak.nl\/index.php\/product\/filety-z-makreli-w-sosie-pomidorowym\/","title":{"rendered":"Filety z makreli w sosie pomidorowym"},"content":{"rendered":"<p>Sk\u0142adniki: 60% filety z makreli ze sk\u00f3r\u0105 [I- makrela kolias (Scomber japonicus), II- makrela (Scomber scombrus)]*, 40% sos pomidorowy: woda, 20% koncentrat pomidorowy, cukier, olej rzepakowy, skrobia modyfikowana, s\u00f3l, cebula suszona, substancje zag\u0119szczaj\u0105ce: guma guar, guma ksantanowa; ekstrakty przypraw (zawieraj\u0105 seler ).<\/p>\n<p>*obszar i metoda po\u0142owu patrz przy numerze partii.<\/p>\n<p>Mo\u017ce zawiera\u0107 gorczyc\u0119, gluten pszenny, mleko, soj\u0119.<\/p>\n","protected":false},"excerpt":{"rendered":"<p>Sk\u0142adniki: 60% filety z makreli ze sk\u00f3r\u0105 [I- makrela kolias (Scomber japonicus), II- makrela (Scomber scombrus)]*, 40% sos pomidorowy: woda, 20% koncentrat pomidorowy, cukier, olej rzepakowy, skrobia modyfikowana, s\u00f3l, cebula suszona, substancje zag\u0119szczaj\u0105ce: guma guar, guma ksantanowa; ekstrakty przypraw (zawieraj\u0105 seler ). *obszar i metoda po\u0142owu patrz przy numerze partii. Mo\u017ce zawiera\u0107 gorczyc\u0119, gluten pszenny, [&hellip;]<\/p>\n","protected":false},"featured_media":11304,"template":"","meta":[],"product_brand":[],"product_cat":[121,119],"product_tag":[],"class_list":{"0":"post-11353","1":"product","2":"type-product","3":"status-publish","4":"has-post-thumbnail","6":"product_cat-konserwy-rybne","7":"product_cat-przetwory","9":"first","10":"instock","11":"taxable","12":"shipping-taxable","13":"purchasable","14":"product-type-simple"},"_links":{"self":[{"href":"http:\/\/www.polskismak.nl\/index.php\/wp-json\/wp\/v2\/product\/11353","targetHints":{"allow":["GET"]}}],"collection":[{"href":"http:\/\/www.polskismak.nl\/index.php\/wp-json\/wp\/v2\/product"}],"about":[{"href":"http:\/\/www.polskismak.nl\/index.php\/wp-json\/wp\/v2\/types\/product"}],"wp:featuredmedia":[{"embeddable":true,"href":"http:\/\/www.polskismak.nl\/index.php\/wp-json\/wp\/v2\/media\/11304"}],"wp:attachment":[{"href":"http:\/\/www.polskismak.nl\/index.php\/wp-json\/wp\/v2\/media?parent=11353"}],"wp:term":[{"taxonomy":"product_brand","embeddable":true,"href":"http:\/\/www.polskismak.nl\/index.php\/wp-json\/wp\/v2\/product_brand?post=11353"},{"taxonomy":"product_cat","embeddable":true,"href":"http:\/\/www.polskismak.nl\/index.php\/wp-json\/wp\/v2\/product_cat?post=11353"},{"taxonomy":"product_tag","embeddable":true,"href":"http:\/\/www.polskismak.nl\/index.php\/wp-json\/wp\/v2\/product_tag?post=11353"}],"curies":[{"name":"wp","href":"https:\/\/api.w.org\/{rel}","templated":true}]}}