{"id":11357,"date":"2024-07-13T11:06:12","date_gmt":"2024-07-13T11:06:12","guid":{"rendered":"https:\/\/www.polskismak.nl\/?post_type=product&#038;p=11357"},"modified":"2024-07-17T09:48:20","modified_gmt":"2024-07-17T09:48:20","slug":"pasztet-sojowy-z-pieczarkami","status":"publish","type":"product","link":"http:\/\/www.polskismak.nl\/index.php\/product\/pasztet-sojowy-z-pieczarkami\/","title":{"rendered":"Pasztet sojowy z pieczarkami"},"content":{"rendered":"<p>SK\u0141ADNIKI: Woda, olej rzepakowy, bia\u0142ko sojowe 7%, cebula, aromaty, skrobia kukurydziana, b\u0142onniki (grochowy, bambusowy), grzyby suszone (pieczarka 0,8%), przyprawy (gorczyca), s\u00f3l morska, cukier. Mo\u017ce zawiera\u0107 seler, sezam.<\/p>\n","protected":false},"excerpt":{"rendered":"<p>SK\u0141ADNIKI: Woda, olej rzepakowy, bia\u0142ko sojowe 7%, cebula, aromaty, skrobia kukurydziana, b\u0142onniki (grochowy, bambusowy), grzyby suszone (pieczarka 0,8%), przyprawy (gorczyca), s\u00f3l morska, cukier. Mo\u017ce zawiera\u0107 seler, sezam.<\/p>\n","protected":false},"featured_media":11307,"template":"","meta":[],"product_brand":[],"product_cat":[125,119],"product_tag":[],"class_list":{"0":"post-11357","1":"product","2":"type-product","3":"status-publish","4":"has-post-thumbnail","6":"product_cat-inne","7":"product_cat-przetwory","9":"first","10":"instock","11":"taxable","12":"shipping-taxable","13":"purchasable","14":"product-type-simple"},"_links":{"self":[{"href":"http:\/\/www.polskismak.nl\/index.php\/wp-json\/wp\/v2\/product\/11357","targetHints":{"allow":["GET"]}}],"collection":[{"href":"http:\/\/www.polskismak.nl\/index.php\/wp-json\/wp\/v2\/product"}],"about":[{"href":"http:\/\/www.polskismak.nl\/index.php\/wp-json\/wp\/v2\/types\/product"}],"wp:featuredmedia":[{"embeddable":true,"href":"http:\/\/www.polskismak.nl\/index.php\/wp-json\/wp\/v2\/media\/11307"}],"wp:attachment":[{"href":"http:\/\/www.polskismak.nl\/index.php\/wp-json\/wp\/v2\/media?parent=11357"}],"wp:term":[{"taxonomy":"product_brand","embeddable":true,"href":"http:\/\/www.polskismak.nl\/index.php\/wp-json\/wp\/v2\/product_brand?post=11357"},{"taxonomy":"product_cat","embeddable":true,"href":"http:\/\/www.polskismak.nl\/index.php\/wp-json\/wp\/v2\/product_cat?post=11357"},{"taxonomy":"product_tag","embeddable":true,"href":"http:\/\/www.polskismak.nl\/index.php\/wp-json\/wp\/v2\/product_tag?post=11357"}],"curies":[{"name":"wp","href":"https:\/\/api.w.org\/{rel}","templated":true}]}}