{"id":11363,"date":"2024-07-13T11:14:43","date_gmt":"2024-07-13T11:14:43","guid":{"rendered":"https:\/\/www.polskismak.nl\/?post_type=product&#038;p=11363"},"modified":"2025-01-23T13:12:58","modified_gmt":"2025-01-23T13:12:58","slug":"profi-pasztet-z-papryka","status":"publish","type":"product","link":"http:\/\/www.polskismak.nl\/index.php\/product\/profi-pasztet-z-papryka\/","title":{"rendered":"Profi Pasztet z papryk\u0105"},"content":{"rendered":"<p>Sk\u0142ad: woda, t\u0142uszcz wieprzowy, mi\u0119so oddzielone mechanicznie z kurcz\u0105t 14%, w\u0105troba z kurcz\u0105t 12%, w\u0105troba wieprzowa 5,5%, <strong>kasza manna z pszenicy,<\/strong> serca z kurcz\u0105t 3%, <strong>jaja, bia\u0142ko sojowe,<\/strong> s\u00f3l, skrobia modyfikowana, papryka 0,8%, cebula, przyprawy<\/p>\n","protected":false},"excerpt":{"rendered":"<p>Sk\u0142ad: woda, t\u0142uszcz wieprzowy, mi\u0119so oddzielone mechanicznie z kurcz\u0105t 14%, w\u0105troba z kurcz\u0105t 12%, w\u0105troba wieprzowa 5,5%, kasza manna z pszenicy, serca z kurcz\u0105t 3%, jaja, bia\u0142ko sojowe, s\u00f3l, skrobia modyfikowana, papryka 0,8%, cebula, przyprawy<\/p>\n","protected":false},"featured_media":11310,"template":"","meta":[],"product_brand":[],"product_cat":[122,119],"product_tag":[],"class_list":{"0":"post-11363","1":"product","2":"type-product","3":"status-publish","4":"has-post-thumbnail","6":"product_cat-konserwy-miesne-i-pasztety","7":"product_cat-przetwory","9":"first","10":"instock","11":"taxable","12":"shipping-taxable","13":"purchasable","14":"product-type-simple"},"_links":{"self":[{"href":"http:\/\/www.polskismak.nl\/index.php\/wp-json\/wp\/v2\/product\/11363","targetHints":{"allow":["GET"]}}],"collection":[{"href":"http:\/\/www.polskismak.nl\/index.php\/wp-json\/wp\/v2\/product"}],"about":[{"href":"http:\/\/www.polskismak.nl\/index.php\/wp-json\/wp\/v2\/types\/product"}],"wp:featuredmedia":[{"embeddable":true,"href":"http:\/\/www.polskismak.nl\/index.php\/wp-json\/wp\/v2\/media\/11310"}],"wp:attachment":[{"href":"http:\/\/www.polskismak.nl\/index.php\/wp-json\/wp\/v2\/media?parent=11363"}],"wp:term":[{"taxonomy":"product_brand","embeddable":true,"href":"http:\/\/www.polskismak.nl\/index.php\/wp-json\/wp\/v2\/product_brand?post=11363"},{"taxonomy":"product_cat","embeddable":true,"href":"http:\/\/www.polskismak.nl\/index.php\/wp-json\/wp\/v2\/product_cat?post=11363"},{"taxonomy":"product_tag","embeddable":true,"href":"http:\/\/www.polskismak.nl\/index.php\/wp-json\/wp\/v2\/product_tag?post=11363"}],"curies":[{"name":"wp","href":"https:\/\/api.w.org\/{rel}","templated":true}]}}