{"id":11374,"date":"2024-07-13T11:30:25","date_gmt":"2024-07-13T11:30:25","guid":{"rendered":"https:\/\/www.polskismak.nl\/?post_type=product&#038;p=11374"},"modified":"2024-07-17T09:43:13","modified_gmt":"2024-07-17T09:43:13","slug":"pasztet-z-indykiem","status":"publish","type":"product","link":"http:\/\/www.polskismak.nl\/index.php\/product\/pasztet-z-indykiem\/","title":{"rendered":"Pasztet z indykiem"},"content":{"rendered":"<p>woda, t\u0142uszcz wieprzowy, mi\u0119so oddzielone mechanicznie z indyka 14%, w\u0105troba z indyka 12%, w\u0105troba wieprzowa 5%, kasza manna z pszenicy, serca z indyka 3%, jaja, bia\u0142ko sojowe, marchew, seler, s\u00f3l, skrobia modyfikowana, cebula, papryka, przyprawy<\/p>\n","protected":false},"excerpt":{"rendered":"<p>woda, t\u0142uszcz wieprzowy, mi\u0119so oddzielone mechanicznie z indyka 14%, w\u0105troba z indyka 12%, w\u0105troba wieprzowa 5%, kasza manna z pszenicy, serca z indyka 3%, jaja, bia\u0142ko sojowe, marchew, seler, s\u00f3l, skrobia modyfikowana, cebula, papryka, przyprawy<\/p>\n","protected":false},"featured_media":11314,"template":"","meta":[],"product_brand":[],"product_cat":[122,119],"product_tag":[],"class_list":{"0":"post-11374","1":"product","2":"type-product","3":"status-publish","4":"has-post-thumbnail","6":"product_cat-konserwy-miesne-i-pasztety","7":"product_cat-przetwory","9":"first","10":"instock","11":"taxable","12":"shipping-taxable","13":"purchasable","14":"product-type-simple"},"_links":{"self":[{"href":"http:\/\/www.polskismak.nl\/index.php\/wp-json\/wp\/v2\/product\/11374","targetHints":{"allow":["GET"]}}],"collection":[{"href":"http:\/\/www.polskismak.nl\/index.php\/wp-json\/wp\/v2\/product"}],"about":[{"href":"http:\/\/www.polskismak.nl\/index.php\/wp-json\/wp\/v2\/types\/product"}],"wp:featuredmedia":[{"embeddable":true,"href":"http:\/\/www.polskismak.nl\/index.php\/wp-json\/wp\/v2\/media\/11314"}],"wp:attachment":[{"href":"http:\/\/www.polskismak.nl\/index.php\/wp-json\/wp\/v2\/media?parent=11374"}],"wp:term":[{"taxonomy":"product_brand","embeddable":true,"href":"http:\/\/www.polskismak.nl\/index.php\/wp-json\/wp\/v2\/product_brand?post=11374"},{"taxonomy":"product_cat","embeddable":true,"href":"http:\/\/www.polskismak.nl\/index.php\/wp-json\/wp\/v2\/product_cat?post=11374"},{"taxonomy":"product_tag","embeddable":true,"href":"http:\/\/www.polskismak.nl\/index.php\/wp-json\/wp\/v2\/product_tag?post=11374"}],"curies":[{"name":"wp","href":"https:\/\/api.w.org\/{rel}","templated":true}]}}