{"id":11435,"date":"2024-07-17T12:33:26","date_gmt":"2024-07-17T12:33:26","guid":{"rendered":"https:\/\/www.polskismak.nl\/?post_type=product&#038;p=11435"},"modified":"2025-01-23T13:10:44","modified_gmt":"2025-01-23T13:10:44","slug":"profi-pasztet-firmowy","status":"publish","type":"product","link":"http:\/\/www.polskismak.nl\/index.php\/product\/profi-pasztet-firmowy\/","title":{"rendered":"Profi pasztet firmowy"},"content":{"rendered":"<p>Sk\u0142adniki: woda, t\u0142uszcz wieprzowy, mi\u0119so oddzielone mechanicznie z kurcz\u0105t 14%, w\u0105troba z kurcz\u0105t 12%, w\u0105troba wieprzowa 5,5%, kasza manna z pszenicy, serca z kurcz\u0105t 3%, jaja, bia\u0142ko sojowe, s\u00f3l, skrobia modyfikowana, cebula, papryka, przyprawy.<\/p>\n","protected":false},"excerpt":{"rendered":"<p>Sk\u0142adniki: woda, t\u0142uszcz wieprzowy, mi\u0119so oddzielone mechanicznie z kurcz\u0105t 14%, w\u0105troba z kurcz\u0105t 12%, w\u0105troba wieprzowa 5,5%, kasza manna z pszenicy, serca z kurcz\u0105t 3%, jaja, bia\u0142ko sojowe, s\u00f3l, skrobia modyfikowana, cebula, papryka, przyprawy.<\/p>\n","protected":false},"featured_media":11315,"template":"","meta":[],"product_brand":[],"product_cat":[17,122,119],"product_tag":[],"class_list":{"0":"post-11435","1":"product","2":"type-product","3":"status-publish","4":"has-post-thumbnail","6":"product_cat-bez-kategorii","7":"product_cat-konserwy-miesne-i-pasztety","8":"product_cat-przetwory","10":"first","11":"instock","12":"taxable","13":"shipping-taxable","14":"purchasable","15":"product-type-simple"},"_links":{"self":[{"href":"http:\/\/www.polskismak.nl\/index.php\/wp-json\/wp\/v2\/product\/11435","targetHints":{"allow":["GET"]}}],"collection":[{"href":"http:\/\/www.polskismak.nl\/index.php\/wp-json\/wp\/v2\/product"}],"about":[{"href":"http:\/\/www.polskismak.nl\/index.php\/wp-json\/wp\/v2\/types\/product"}],"wp:featuredmedia":[{"embeddable":true,"href":"http:\/\/www.polskismak.nl\/index.php\/wp-json\/wp\/v2\/media\/11315"}],"wp:attachment":[{"href":"http:\/\/www.polskismak.nl\/index.php\/wp-json\/wp\/v2\/media?parent=11435"}],"wp:term":[{"taxonomy":"product_brand","embeddable":true,"href":"http:\/\/www.polskismak.nl\/index.php\/wp-json\/wp\/v2\/product_brand?post=11435"},{"taxonomy":"product_cat","embeddable":true,"href":"http:\/\/www.polskismak.nl\/index.php\/wp-json\/wp\/v2\/product_cat?post=11435"},{"taxonomy":"product_tag","embeddable":true,"href":"http:\/\/www.polskismak.nl\/index.php\/wp-json\/wp\/v2\/product_tag?post=11435"}],"curies":[{"name":"wp","href":"https:\/\/api.w.org\/{rel}","templated":true}]}}