{"id":11440,"date":"2024-07-17T12:43:26","date_gmt":"2024-07-17T12:43:26","guid":{"rendered":"https:\/\/www.polskismak.nl\/?post_type=product&#038;p=11440"},"modified":"2025-01-23T13:08:41","modified_gmt":"2025-01-23T13:08:41","slug":"paprykarz-szczecinski","status":"publish","type":"product","link":"http:\/\/www.polskismak.nl\/index.php\/product\/paprykarz-szczecinski\/","title":{"rendered":"Paprykarz szczeci\u0144ski"},"content":{"rendered":"<p>Sk\u0142ad: woda, mechanicznie odkostniony \u0142oso\u015b (Salmo Salar)* 26%, koncentrat pomidorowy, ry\u017c, olej ro\u015blinny rzepakowy, cebula, s\u00f3l, cukier, ocet spirytusowy, przyprawy, M\u0104KA PSZENNA.Produkt mo\u017ce zawiera\u0107:SELER,  SOJ\u0118, MLEKO, JAJA, GORCZYC\u0118.<\/p>\n","protected":false},"excerpt":{"rendered":"<p>Sk\u0142ad: woda, mechanicznie odkostniony \u0142oso\u015b (Salmo Salar)* 26%, koncentrat pomidorowy, ry\u017c, olej ro\u015blinny rzepakowy, cebula, s\u00f3l, cukier, ocet spirytusowy, przyprawy, M\u0104KA PSZENNA.Produkt mo\u017ce zawiera\u0107:SELER, SOJ\u0118, MLEKO, JAJA, GORCZYC\u0118.<\/p>\n","protected":false},"featured_media":11367,"template":"","meta":[],"product_brand":[],"product_cat":[122,119],"product_tag":[],"class_list":{"0":"post-11440","1":"product","2":"type-product","3":"status-publish","4":"has-post-thumbnail","6":"product_cat-konserwy-miesne-i-pasztety","7":"product_cat-przetwory","9":"first","10":"instock","11":"taxable","12":"shipping-taxable","13":"purchasable","14":"product-type-simple"},"_links":{"self":[{"href":"http:\/\/www.polskismak.nl\/index.php\/wp-json\/wp\/v2\/product\/11440","targetHints":{"allow":["GET"]}}],"collection":[{"href":"http:\/\/www.polskismak.nl\/index.php\/wp-json\/wp\/v2\/product"}],"about":[{"href":"http:\/\/www.polskismak.nl\/index.php\/wp-json\/wp\/v2\/types\/product"}],"wp:featuredmedia":[{"embeddable":true,"href":"http:\/\/www.polskismak.nl\/index.php\/wp-json\/wp\/v2\/media\/11367"}],"wp:attachment":[{"href":"http:\/\/www.polskismak.nl\/index.php\/wp-json\/wp\/v2\/media?parent=11440"}],"wp:term":[{"taxonomy":"product_brand","embeddable":true,"href":"http:\/\/www.polskismak.nl\/index.php\/wp-json\/wp\/v2\/product_brand?post=11440"},{"taxonomy":"product_cat","embeddable":true,"href":"http:\/\/www.polskismak.nl\/index.php\/wp-json\/wp\/v2\/product_cat?post=11440"},{"taxonomy":"product_tag","embeddable":true,"href":"http:\/\/www.polskismak.nl\/index.php\/wp-json\/wp\/v2\/product_tag?post=11440"}],"curies":[{"name":"wp","href":"https:\/\/api.w.org\/{rel}","templated":true}]}}