{"id":11442,"date":"2024-07-17T14:01:49","date_gmt":"2024-07-17T14:01:49","guid":{"rendered":"https:\/\/www.polskismak.nl\/?post_type=product&#038;p=11442"},"modified":"2025-01-23T13:08:28","modified_gmt":"2025-01-23T13:08:28","slug":"smalec-z-miesem","status":"publish","type":"product","link":"http:\/\/www.polskismak.nl\/index.php\/product\/smalec-z-miesem\/","title":{"rendered":"Smalec z mi\u0119sem"},"content":{"rendered":"<p>Sk\u0142ad. t\u0142uszcz wieprzowy 70%, woda, mi\u0119so oddzielone mechanicznie z kurczaka, mi\u0119so wieprzowe 5%, przyprawy naturalne, cebula, s\u00f3l, E451 Trifosforany, E407 Karagen, ekstrakty przypraw naturalnych, E250 Azotyn sodu.<br \/>\nInformacja alergenna. Mo\u017ce zawiera\u0107 gluten, soj\u0119, jeczmie\u0144.<\/p>\n","protected":false},"excerpt":{"rendered":"<p>Sk\u0142ad. t\u0142uszcz wieprzowy 70%, woda, mi\u0119so oddzielone mechanicznie z kurczaka, mi\u0119so wieprzowe 5%, przyprawy naturalne, cebula, s\u00f3l, E451 Trifosforany, E407 Karagen, ekstrakty przypraw naturalnych, E250 Azotyn sodu. Informacja alergenna. Mo\u017ce zawiera\u0107 gluten, soj\u0119, jeczmie\u0144.<\/p>\n","protected":false},"featured_media":11371,"template":"","meta":[],"product_brand":[],"product_cat":[122,119],"product_tag":[],"class_list":{"0":"post-11442","1":"product","2":"type-product","3":"status-publish","4":"has-post-thumbnail","6":"product_cat-konserwy-miesne-i-pasztety","7":"product_cat-przetwory","9":"first","10":"instock","11":"taxable","12":"shipping-taxable","13":"purchasable","14":"product-type-simple"},"_links":{"self":[{"href":"http:\/\/www.polskismak.nl\/index.php\/wp-json\/wp\/v2\/product\/11442","targetHints":{"allow":["GET"]}}],"collection":[{"href":"http:\/\/www.polskismak.nl\/index.php\/wp-json\/wp\/v2\/product"}],"about":[{"href":"http:\/\/www.polskismak.nl\/index.php\/wp-json\/wp\/v2\/types\/product"}],"wp:featuredmedia":[{"embeddable":true,"href":"http:\/\/www.polskismak.nl\/index.php\/wp-json\/wp\/v2\/media\/11371"}],"wp:attachment":[{"href":"http:\/\/www.polskismak.nl\/index.php\/wp-json\/wp\/v2\/media?parent=11442"}],"wp:term":[{"taxonomy":"product_brand","embeddable":true,"href":"http:\/\/www.polskismak.nl\/index.php\/wp-json\/wp\/v2\/product_brand?post=11442"},{"taxonomy":"product_cat","embeddable":true,"href":"http:\/\/www.polskismak.nl\/index.php\/wp-json\/wp\/v2\/product_cat?post=11442"},{"taxonomy":"product_tag","embeddable":true,"href":"http:\/\/www.polskismak.nl\/index.php\/wp-json\/wp\/v2\/product_tag?post=11442"}],"curies":[{"name":"wp","href":"https:\/\/api.w.org\/{rel}","templated":true}]}}