{"id":11446,"date":"2024-07-17T14:07:28","date_gmt":"2024-07-17T14:07:28","guid":{"rendered":"https:\/\/www.polskismak.nl\/?post_type=product&#038;p=11446"},"modified":"2025-01-23T13:07:23","modified_gmt":"2025-01-23T13:07:23","slug":"pasztet-drobiowy","status":"publish","type":"product","link":"http:\/\/www.polskismak.nl\/index.php\/product\/pasztet-drobiowy\/","title":{"rendered":"Pasztet drobiowy"},"content":{"rendered":"<p>Sk\u0142adniki Woda, mi\u0119so oddzielone mechanicznie z kurcz\u0105t, sk\u00f3ry z kurcz\u0105t, w\u0105troba z kurcz\u0105t, olej rzepakowy, kasza manna (z pszenicy), s\u00f3l, bia\u0142ko sojowe, skrobia ziemniaczana, warzywa suszone (cebula, marchew, pietruszka, por), przyprawy, mleko w proszku, serwatka (z mleka), cukier, maltodekstryna, hydrolizat bia\u0142ka ro\u015blinnego, ekstrakt dro\u017cd\u017cowy. zawarto\u015b\u0107 surowc\u00f3w z kurcz\u0105t 40,7%.<\/p>\n","protected":false},"excerpt":{"rendered":"<p>Sk\u0142adniki Woda, mi\u0119so oddzielone mechanicznie z kurcz\u0105t, sk\u00f3ry z kurcz\u0105t, w\u0105troba z kurcz\u0105t, olej rzepakowy, kasza manna (z pszenicy), s\u00f3l, bia\u0142ko sojowe, skrobia ziemniaczana, warzywa suszone (cebula, marchew, pietruszka, por), przyprawy, mleko w proszku, serwatka (z mleka), cukier, maltodekstryna, hydrolizat bia\u0142ka ro\u015blinnego, ekstrakt dro\u017cd\u017cowy. zawarto\u015b\u0107 surowc\u00f3w z kurcz\u0105t 40,7%.<\/p>\n","protected":false},"featured_media":11376,"template":"","meta":[],"product_brand":[],"product_cat":[122,119],"product_tag":[],"class_list":{"0":"post-11446","1":"product","2":"type-product","3":"status-publish","4":"has-post-thumbnail","6":"product_cat-konserwy-miesne-i-pasztety","7":"product_cat-przetwory","9":"first","10":"instock","11":"taxable","12":"shipping-taxable","13":"purchasable","14":"product-type-simple"},"_links":{"self":[{"href":"http:\/\/www.polskismak.nl\/index.php\/wp-json\/wp\/v2\/product\/11446","targetHints":{"allow":["GET"]}}],"collection":[{"href":"http:\/\/www.polskismak.nl\/index.php\/wp-json\/wp\/v2\/product"}],"about":[{"href":"http:\/\/www.polskismak.nl\/index.php\/wp-json\/wp\/v2\/types\/product"}],"wp:featuredmedia":[{"embeddable":true,"href":"http:\/\/www.polskismak.nl\/index.php\/wp-json\/wp\/v2\/media\/11376"}],"wp:attachment":[{"href":"http:\/\/www.polskismak.nl\/index.php\/wp-json\/wp\/v2\/media?parent=11446"}],"wp:term":[{"taxonomy":"product_brand","embeddable":true,"href":"http:\/\/www.polskismak.nl\/index.php\/wp-json\/wp\/v2\/product_brand?post=11446"},{"taxonomy":"product_cat","embeddable":true,"href":"http:\/\/www.polskismak.nl\/index.php\/wp-json\/wp\/v2\/product_cat?post=11446"},{"taxonomy":"product_tag","embeddable":true,"href":"http:\/\/www.polskismak.nl\/index.php\/wp-json\/wp\/v2\/product_tag?post=11446"}],"curies":[{"name":"wp","href":"https:\/\/api.w.org\/{rel}","templated":true}]}}