{"id":11450,"date":"2024-07-17T14:20:48","date_gmt":"2024-07-17T14:20:48","guid":{"rendered":"https:\/\/www.polskismak.nl\/?post_type=product&#038;p=11450"},"modified":"2025-01-23T13:06:31","modified_gmt":"2025-01-23T13:06:31","slug":"smalec-z-cebula-i-miesem","status":"publish","type":"product","link":"http:\/\/www.polskismak.nl\/index.php\/product\/smalec-z-cebula-i-miesem\/","title":{"rendered":"Smalec z cebul\u0105 i mi\u0119sem"},"content":{"rendered":"<p>Sk\u0142adniki: T\u0142uszcz wieprzowy, cebula, mi\u0119so wieprzowe, s\u00f3l, majeranek, czosnek. do wyprodukowania 100 g produktu u\u017cyto 76 g t\u0142uszczu wieprzowego, 23 g cebuli oraz 14 g mi\u0119sa wieprzowego<\/p>\n<p>Alergeny:<br \/>\nNasiona sezamu i produkty pochodne: Nie<br \/>\nOrzechy: Nie<br \/>\nRyby i produkty pochodne: Mo\u017ce zawiera\u0107<br \/>\nSeler i produkty pochodne: Mo\u017ce zawiera\u0107<br \/>\nSkorupiaki i produkty pochodne: Nie<br \/>\nSoja i produkty pochodne: Mo\u017ce zawiera\u0107<br \/>\nZbo\u017ca zawierajace gluten: Mo\u017ce zawiera\u0107<br \/>\nDwutlenek siarki i siarczyny: Mo\u017ce zawiera\u0107<br \/>\nGorczyca i produkty pochodne: Mo\u017ce zawiera\u0107<br \/>\nJaja i produkty pochodne: Mo\u017ce zawiera\u0107<br \/>\n\u0141ubin i produkty pochodne: Nie<br \/>\nMi\u0119czaki i produkty pochodne: Nie<br \/>\nMleko i produkty pochodne (\u0142\u0105cznie z laktoz\u0105): Mo\u017ce zawiera\u0107<\/p>\n","protected":false},"excerpt":{"rendered":"<p>Sk\u0142adniki: T\u0142uszcz wieprzowy, cebula, mi\u0119so wieprzowe, s\u00f3l, majeranek, czosnek. do wyprodukowania 100 g produktu u\u017cyto 76 g t\u0142uszczu wieprzowego, 23 g cebuli oraz 14 g mi\u0119sa wieprzowego Alergeny: Nasiona sezamu i produkty pochodne: Nie Orzechy: Nie Ryby i produkty pochodne: Mo\u017ce zawiera\u0107 Seler i produkty pochodne: Mo\u017ce zawiera\u0107 Skorupiaki i produkty pochodne: Nie Soja i [&hellip;]<\/p>\n","protected":false},"featured_media":11378,"template":"","meta":[],"product_brand":[],"product_cat":[122,119],"product_tag":[],"class_list":{"0":"post-11450","1":"product","2":"type-product","3":"status-publish","4":"has-post-thumbnail","6":"product_cat-konserwy-miesne-i-pasztety","7":"product_cat-przetwory","9":"first","10":"instock","11":"taxable","12":"shipping-taxable","13":"purchasable","14":"product-type-simple"},"_links":{"self":[{"href":"http:\/\/www.polskismak.nl\/index.php\/wp-json\/wp\/v2\/product\/11450","targetHints":{"allow":["GET"]}}],"collection":[{"href":"http:\/\/www.polskismak.nl\/index.php\/wp-json\/wp\/v2\/product"}],"about":[{"href":"http:\/\/www.polskismak.nl\/index.php\/wp-json\/wp\/v2\/types\/product"}],"wp:featuredmedia":[{"embeddable":true,"href":"http:\/\/www.polskismak.nl\/index.php\/wp-json\/wp\/v2\/media\/11378"}],"wp:attachment":[{"href":"http:\/\/www.polskismak.nl\/index.php\/wp-json\/wp\/v2\/media?parent=11450"}],"wp:term":[{"taxonomy":"product_brand","embeddable":true,"href":"http:\/\/www.polskismak.nl\/index.php\/wp-json\/wp\/v2\/product_brand?post=11450"},{"taxonomy":"product_cat","embeddable":true,"href":"http:\/\/www.polskismak.nl\/index.php\/wp-json\/wp\/v2\/product_cat?post=11450"},{"taxonomy":"product_tag","embeddable":true,"href":"http:\/\/www.polskismak.nl\/index.php\/wp-json\/wp\/v2\/product_tag?post=11450"}],"curies":[{"name":"wp","href":"https:\/\/api.w.org\/{rel}","templated":true}]}}