{"id":11540,"date":"2024-08-07T10:12:29","date_gmt":"2024-08-07T10:12:29","guid":{"rendered":"https:\/\/www.polskismak.nl\/?post_type=product&#038;p=11540"},"modified":"2025-01-22T11:32:40","modified_gmt":"2025-01-22T11:32:40","slug":"goracy-kubek-barszcz-czerwony","status":"publish","type":"product","link":"http:\/\/www.polskismak.nl\/index.php\/product\/goracy-kubek-barszcz-czerwony\/","title":{"rendered":"Gor\u0105cy kubek Barszcz czerwony"},"content":{"rendered":"<p>Sk\u0142adniki<br \/>\ncukier<\/p>\n<p>maltodekstryna<\/p>\n<p>sok z czerwonego buraka w proszku (15 %)<\/p>\n<p>s\u00f3l jodowana<\/p>\n<p>skrobia<\/p>\n<p>t\u0142uszcz palmowy<\/p>\n<p>fruktoza<\/p>\n<p>czosnek\u00b9 (2 %)<\/p>\n<p>ekstrakt dro\u017cd\u017cowy<\/p>\n<p>kwas: kwas cytrynowy<\/p>\n<p>s\u00f3l<\/p>\n<p>majeranek\u00b9<\/p>\n<p>li\u015b\u0107 laurowy\u00b9<\/p>\n<p>ziele angielskie<\/p>\n<p>pieprz<\/p>\n<p>aromaty<\/p>\n<p>korze\u0144 pietruszki\u00b9<\/p>\n<p>\u00b9Uprawiane w spos\u00f3b zr\u00f3wnowa\u017cony<\/p>\n<p>Tekst dotycz\u0105cy alergen\u00f3w<br \/>\nMo\u017ce zawiera\u0107 SELER, GLUTEN (ZBO\u017bA), JAJA, MLEKO, GORCZYC\u0118 i SOJ\u0118.<\/p>\n","protected":false},"excerpt":{"rendered":"<p>Sk\u0142adniki cukier maltodekstryna sok z czerwonego buraka w proszku (15 %) s\u00f3l jodowana skrobia t\u0142uszcz palmowy fruktoza czosnek\u00b9 (2 %) ekstrakt dro\u017cd\u017cowy kwas: kwas cytrynowy s\u00f3l majeranek\u00b9 li\u015b\u0107 laurowy\u00b9 ziele angielskie pieprz aromaty korze\u0144 pietruszki\u00b9 \u00b9Uprawiane w spos\u00f3b zr\u00f3wnowa\u017cony Tekst dotycz\u0105cy alergen\u00f3w Mo\u017ce zawiera\u0107 SELER, GLUTEN (ZBO\u017bA), JAJA, MLEKO, GORCZYC\u0118 i SOJ\u0118.<\/p>\n","protected":false},"featured_media":11382,"template":"","meta":[],"product_brand":[],"product_cat":[144],"product_tag":[],"class_list":{"0":"post-11540","1":"product","2":"type-product","3":"status-publish","4":"has-post-thumbnail","6":"product_cat-zupy-i-buliony","8":"first","9":"instock","10":"taxable","11":"shipping-taxable","12":"purchasable","13":"product-type-simple"},"_links":{"self":[{"href":"http:\/\/www.polskismak.nl\/index.php\/wp-json\/wp\/v2\/product\/11540","targetHints":{"allow":["GET"]}}],"collection":[{"href":"http:\/\/www.polskismak.nl\/index.php\/wp-json\/wp\/v2\/product"}],"about":[{"href":"http:\/\/www.polskismak.nl\/index.php\/wp-json\/wp\/v2\/types\/product"}],"wp:featuredmedia":[{"embeddable":true,"href":"http:\/\/www.polskismak.nl\/index.php\/wp-json\/wp\/v2\/media\/11382"}],"wp:attachment":[{"href":"http:\/\/www.polskismak.nl\/index.php\/wp-json\/wp\/v2\/media?parent=11540"}],"wp:term":[{"taxonomy":"product_brand","embeddable":true,"href":"http:\/\/www.polskismak.nl\/index.php\/wp-json\/wp\/v2\/product_brand?post=11540"},{"taxonomy":"product_cat","embeddable":true,"href":"http:\/\/www.polskismak.nl\/index.php\/wp-json\/wp\/v2\/product_cat?post=11540"},{"taxonomy":"product_tag","embeddable":true,"href":"http:\/\/www.polskismak.nl\/index.php\/wp-json\/wp\/v2\/product_tag?post=11540"}],"curies":[{"name":"wp","href":"https:\/\/api.w.org\/{rel}","templated":true}]}}