{"id":11542,"date":"2024-08-07T10:15:27","date_gmt":"2024-08-07T10:15:27","guid":{"rendered":"https:\/\/www.polskismak.nl\/?post_type=product&#038;p=11542"},"modified":"2025-11-13T13:49:13","modified_gmt":"2025-11-13T13:49:13","slug":"goracy-kubek-grochowa-z-grzankami","status":"publish","type":"product","link":"http:\/\/www.polskismak.nl\/index.php\/product\/goracy-kubek-grochowa-z-grzankami\/","title":{"rendered":"Gor\u0105cy Kubek Grochowa z grzankami"},"content":{"rendered":"<p>Sk\u0142ad:<br \/>\ngroch (59%)<\/p>\n<p>s\u00f3l<\/p>\n<p>grzanki (8,9%) [pieczywo (m\u0105ka PSZENNA, s\u00f3l, dro\u017cd\u017ce, olej rzepakowy), olej palmowy, przeciwutleniacz: ekstrakty z rozmarynu]<\/p>\n<p>skrobia<\/p>\n<p>syrop glukozowy<\/p>\n<p>cukier<\/p>\n<p>ekstrakt dro\u017cd\u017cowy<\/p>\n<p>boczek wieprzowy (1,8%) (boczek, s\u00f3l)<\/p>\n<p>w\u0119dzona s\u0142onina (1,8%) (boczek, przeciwutleniacz: ekstrakty z rozmarynu)<\/p>\n<p>t\u0142uszcz palmowy<\/p>\n<p>czosnek<\/p>\n<p>pieprz<\/p>\n<p>majeranek<\/p>\n<p>aromaty<\/p>\n<p>aromat dymu w\u0119dzarniczego<\/p>\n<p>Zalecenia dla alergik\u00f3w<br \/>\nSeler\tMo\u017ce zawiera\u0107<br \/>\nJaja\tMo\u017ce zawiera\u0107<br \/>\nMleko\tMo\u017ce zawiera\u0107<br \/>\nGorczyca\tMo\u017ce zawiera\u0107<br \/>\nPszenica\tZawiera<\/p>\n","protected":false},"excerpt":{"rendered":"<p>Sk\u0142ad: groch (59%) s\u00f3l grzanki (8,9%) [pieczywo (m\u0105ka PSZENNA, s\u00f3l, dro\u017cd\u017ce, olej rzepakowy), olej palmowy, przeciwutleniacz: ekstrakty z rozmarynu] skrobia syrop glukozowy cukier ekstrakt dro\u017cd\u017cowy boczek wieprzowy (1,8%) (boczek, s\u00f3l) w\u0119dzona s\u0142onina (1,8%) (boczek, przeciwutleniacz: ekstrakty z rozmarynu) t\u0142uszcz palmowy czosnek pieprz majeranek aromaty aromat dymu w\u0119dzarniczego Zalecenia dla alergik\u00f3w Seler Mo\u017ce zawiera\u0107 Jaja Mo\u017ce [&hellip;]<\/p>\n","protected":false},"featured_media":11383,"template":"","meta":[],"product_brand":[],"product_cat":[142,143,144],"product_tag":[],"class_list":{"0":"post-11542","1":"product","2":"type-product","3":"status-publish","4":"has-post-thumbnail","6":"product_cat-gotowe-dania","7":"product_cat-gotowe-posilki","8":"product_cat-zupy-i-buliony","10":"first","11":"onbackorder","12":"taxable","13":"shipping-taxable","14":"purchasable","15":"product-type-simple"},"_links":{"self":[{"href":"http:\/\/www.polskismak.nl\/index.php\/wp-json\/wp\/v2\/product\/11542","targetHints":{"allow":["GET"]}}],"collection":[{"href":"http:\/\/www.polskismak.nl\/index.php\/wp-json\/wp\/v2\/product"}],"about":[{"href":"http:\/\/www.polskismak.nl\/index.php\/wp-json\/wp\/v2\/types\/product"}],"wp:featuredmedia":[{"embeddable":true,"href":"http:\/\/www.polskismak.nl\/index.php\/wp-json\/wp\/v2\/media\/11383"}],"wp:attachment":[{"href":"http:\/\/www.polskismak.nl\/index.php\/wp-json\/wp\/v2\/media?parent=11542"}],"wp:term":[{"taxonomy":"product_brand","embeddable":true,"href":"http:\/\/www.polskismak.nl\/index.php\/wp-json\/wp\/v2\/product_brand?post=11542"},{"taxonomy":"product_cat","embeddable":true,"href":"http:\/\/www.polskismak.nl\/index.php\/wp-json\/wp\/v2\/product_cat?post=11542"},{"taxonomy":"product_tag","embeddable":true,"href":"http:\/\/www.polskismak.nl\/index.php\/wp-json\/wp\/v2\/product_tag?post=11542"}],"curies":[{"name":"wp","href":"https:\/\/api.w.org\/{rel}","templated":true}]}}