{"id":11544,"date":"2024-08-07T10:18:24","date_gmt":"2024-08-07T10:18:24","guid":{"rendered":"https:\/\/www.polskismak.nl\/?post_type=product&#038;p=11544"},"modified":"2025-01-22T11:32:14","modified_gmt":"2025-01-22T11:32:14","slug":"goracy-kubek-borowikowa","status":"publish","type":"product","link":"http:\/\/www.polskismak.nl\/index.php\/product\/goracy-kubek-borowikowa\/","title":{"rendered":"Gor\u0105cy kubek Borowikowa"},"content":{"rendered":"<p>Sk\u0142adniki<br \/>\nskrobia<\/p>\n<p>grzanki (18 %) [pieczywo (m\u0105ka PSZENNA, s\u00f3l, dro\u017cd\u017ce, olej rzepakowy), olej palmowy, przeciwutleniacz: wyci\u0105gi z rozmarynu]<\/p>\n<p>syrop glukozowy<\/p>\n<p>t\u0142uszcz palmowy<\/p>\n<p>s\u00f3l jodowana<\/p>\n<p>borowiki (4 %)<\/p>\n<p>cebula\u00b9 (3,5 %)<\/p>\n<p>cukier<\/p>\n<p>ekstrakt dro\u017cd\u017cowy<\/p>\n<p>s\u00f3l<\/p>\n<p>aromaty<\/p>\n<p>bia\u0142ka MLEKA<\/p>\n<p>zag\u0119szczony sok z pieczarek\u00b9 (0,5 %)<\/p>\n<p>natka pietruszki\u00b9 (0,3 %)<\/p>\n<p>pieprz<\/p>\n<p>\u00b9Uprawiane w spos\u00f3b zr\u00f3wnowa\u017cony<\/p>\n<p>Tekst dotycz\u0105cy alergen\u00f3w<br \/>\nMo\u017ce zawiera\u0107 inne zbo\u017ca zawieraj\u0105ce gluten, seler, jaja, gorczyc\u0119 i soj\u0119.<\/p>\n","protected":false},"excerpt":{"rendered":"<p>Sk\u0142adniki skrobia grzanki (18 %) [pieczywo (m\u0105ka PSZENNA, s\u00f3l, dro\u017cd\u017ce, olej rzepakowy), olej palmowy, przeciwutleniacz: wyci\u0105gi z rozmarynu] syrop glukozowy t\u0142uszcz palmowy s\u00f3l jodowana borowiki (4 %) cebula\u00b9 (3,5 %) cukier ekstrakt dro\u017cd\u017cowy s\u00f3l aromaty bia\u0142ka MLEKA zag\u0119szczony sok z pieczarek\u00b9 (0,5 %) natka pietruszki\u00b9 (0,3 %) pieprz \u00b9Uprawiane w spos\u00f3b zr\u00f3wnowa\u017cony Tekst dotycz\u0105cy alergen\u00f3w [&hellip;]<\/p>\n","protected":false},"featured_media":11385,"template":"","meta":[],"product_brand":[],"product_cat":[142,144],"product_tag":[],"class_list":{"0":"post-11544","1":"product","2":"type-product","3":"status-publish","4":"has-post-thumbnail","6":"product_cat-gotowe-dania","7":"product_cat-zupy-i-buliony","9":"first","10":"instock","11":"taxable","12":"shipping-taxable","13":"purchasable","14":"product-type-simple"},"_links":{"self":[{"href":"http:\/\/www.polskismak.nl\/index.php\/wp-json\/wp\/v2\/product\/11544","targetHints":{"allow":["GET"]}}],"collection":[{"href":"http:\/\/www.polskismak.nl\/index.php\/wp-json\/wp\/v2\/product"}],"about":[{"href":"http:\/\/www.polskismak.nl\/index.php\/wp-json\/wp\/v2\/types\/product"}],"wp:featuredmedia":[{"embeddable":true,"href":"http:\/\/www.polskismak.nl\/index.php\/wp-json\/wp\/v2\/media\/11385"}],"wp:attachment":[{"href":"http:\/\/www.polskismak.nl\/index.php\/wp-json\/wp\/v2\/media?parent=11544"}],"wp:term":[{"taxonomy":"product_brand","embeddable":true,"href":"http:\/\/www.polskismak.nl\/index.php\/wp-json\/wp\/v2\/product_brand?post=11544"},{"taxonomy":"product_cat","embeddable":true,"href":"http:\/\/www.polskismak.nl\/index.php\/wp-json\/wp\/v2\/product_cat?post=11544"},{"taxonomy":"product_tag","embeddable":true,"href":"http:\/\/www.polskismak.nl\/index.php\/wp-json\/wp\/v2\/product_tag?post=11544"}],"curies":[{"name":"wp","href":"https:\/\/api.w.org\/{rel}","templated":true}]}}