{"id":11551,"date":"2024-08-07T10:31:52","date_gmt":"2024-08-07T10:31:52","guid":{"rendered":"https:\/\/www.polskismak.nl\/?post_type=product&#038;p=11551"},"modified":"2025-01-22T11:31:32","modified_gmt":"2025-01-22T11:31:32","slug":"goracy-kubek-zurek-z-grzankami","status":"publish","type":"product","link":"http:\/\/www.polskismak.nl\/index.php\/product\/goracy-kubek-zurek-z-grzankami\/","title":{"rendered":"Gor\u0105cy Kubek \u017burek z grzankami"},"content":{"rendered":"<p>Sk\u0142adniki<br \/>\nskrobia<\/p>\n<p>grzanki (15 %) [pieczywo (m\u0105ka PSZENNA, s\u00f3l, dro\u017cd\u017ce, olej rzepakowy), olej palmowy, przeciwutleniacz: ekstrakty z rozmarynu]<\/p>\n<p>s\u00f3l jodowana<\/p>\n<p>preparat serwatkowy (MLEKO)<\/p>\n<p>t\u0142uszcz palmowy<\/p>\n<p>maltodekstryna<\/p>\n<p>m\u0105ka (\u017bYTNIA, PSZENNA)<\/p>\n<p>syrop glukozowy<\/p>\n<p>w\u0119dzona s\u0142onina (2,5 %) (s\u0142onina, przeciwutleniacz: ekstrakty z rozmarynu)<\/p>\n<p>cukier<\/p>\n<p>LAKTOZA<\/p>\n<p>w\u0119dzony boczek (2 %) (boczek, s\u00f3l)<\/p>\n<p>ekstrakt dro\u017cd\u017cowy<\/p>\n<p>s\u00f3l<\/p>\n<p>czosnek\u00b9 (1 %)<\/p>\n<p>kwas: kwas cytrynowy<\/p>\n<p>majeranek (0,7 %)<\/p>\n<p>aromat dymu w\u0119dzarniczego<\/p>\n<p>aromaty<\/p>\n<p>\u00b9Uprawiane w spos\u00f3b zr\u00f3wnowa\u017cony<\/p>\n<p>Tekst dotycz\u0105cy alergen\u00f3w<br \/>\nMo\u017ce zawiera\u0107 seler, jaja, gorczyc\u0119, soj\u0119, \u0142ubin i inne zbo\u017ca zawieraj\u0105ce gluten.<\/p>\n","protected":false},"excerpt":{"rendered":"<p>Sk\u0142adniki skrobia grzanki (15 %) [pieczywo (m\u0105ka PSZENNA, s\u00f3l, dro\u017cd\u017ce, olej rzepakowy), olej palmowy, przeciwutleniacz: ekstrakty z rozmarynu] s\u00f3l jodowana preparat serwatkowy (MLEKO) t\u0142uszcz palmowy maltodekstryna m\u0105ka (\u017bYTNIA, PSZENNA) syrop glukozowy w\u0119dzona s\u0142onina (2,5 %) (s\u0142onina, przeciwutleniacz: ekstrakty z rozmarynu) cukier LAKTOZA w\u0119dzony boczek (2 %) (boczek, s\u00f3l) ekstrakt dro\u017cd\u017cowy s\u00f3l czosnek\u00b9 (1 %) kwas: [&hellip;]<\/p>\n","protected":false},"featured_media":11391,"template":"","meta":[],"product_brand":[],"product_cat":[142,144],"product_tag":[],"class_list":{"0":"post-11551","1":"product","2":"type-product","3":"status-publish","4":"has-post-thumbnail","6":"product_cat-gotowe-dania","7":"product_cat-zupy-i-buliony","9":"first","10":"instock","11":"taxable","12":"shipping-taxable","13":"purchasable","14":"product-type-simple"},"_links":{"self":[{"href":"http:\/\/www.polskismak.nl\/index.php\/wp-json\/wp\/v2\/product\/11551","targetHints":{"allow":["GET"]}}],"collection":[{"href":"http:\/\/www.polskismak.nl\/index.php\/wp-json\/wp\/v2\/product"}],"about":[{"href":"http:\/\/www.polskismak.nl\/index.php\/wp-json\/wp\/v2\/types\/product"}],"wp:featuredmedia":[{"embeddable":true,"href":"http:\/\/www.polskismak.nl\/index.php\/wp-json\/wp\/v2\/media\/11391"}],"wp:attachment":[{"href":"http:\/\/www.polskismak.nl\/index.php\/wp-json\/wp\/v2\/media?parent=11551"}],"wp:term":[{"taxonomy":"product_brand","embeddable":true,"href":"http:\/\/www.polskismak.nl\/index.php\/wp-json\/wp\/v2\/product_brand?post=11551"},{"taxonomy":"product_cat","embeddable":true,"href":"http:\/\/www.polskismak.nl\/index.php\/wp-json\/wp\/v2\/product_cat?post=11551"},{"taxonomy":"product_tag","embeddable":true,"href":"http:\/\/www.polskismak.nl\/index.php\/wp-json\/wp\/v2\/product_tag?post=11551"}],"curies":[{"name":"wp","href":"https:\/\/api.w.org\/{rel}","templated":true}]}}