{"id":11553,"date":"2024-08-07T10:34:52","date_gmt":"2024-08-07T10:34:52","guid":{"rendered":"https:\/\/www.polskismak.nl\/?post_type=product&#038;p=11553"},"modified":"2025-11-13T13:48:27","modified_gmt":"2025-11-13T13:48:27","slug":"rosol-z-kury-z-makaronem","status":"publish","type":"product","link":"http:\/\/www.polskismak.nl\/index.php\/product\/rosol-z-kury-z-makaronem\/","title":{"rendered":"Ros\u00f3\u0142 z kury z makaronem"},"content":{"rendered":"<p>Sk\u0142adniki<br \/>\nmakaron (36 %) (m\u0105ka PSZENNA, semolina, s\u00f3l)<\/p>\n<p>syrop glukozowy<\/p>\n<p>s\u00f3l jodowana<\/p>\n<p>skrobia<\/p>\n<p>cukier<\/p>\n<p>aromaty<\/p>\n<p>s\u00f3l<\/p>\n<p>ekstrakt dro\u017cd\u017cowy<\/p>\n<p>t\u0142uszcz palmowy<\/p>\n<p>marchew (1,8 %)<\/p>\n<p>t\u0142uszcz kurzy (1 %)<\/p>\n<p>kurkuma\u00b9<\/p>\n<p>pieprz<\/p>\n<p>korze\u0144 pietruszki\u00b9<\/p>\n<p>cebula\u00b9<\/p>\n<p>natka pietruszki\u00b9 (0,2 %)<\/p>\n<p>mi\u0119so z kurczaka (0,2 %)<\/p>\n<p>por\u00b9<\/p>\n<p>przeciwutleniacz: ekstrakty z rozmarynu<\/p>\n<p>\u00b9Uprawiane w spos\u00f3b zr\u00f3wnowa\u017cony<\/p>\n<p>Tekst dotycz\u0105cy alergen\u00f3w<br \/>\nMo\u017ce zawiera\u0107 inne ZBO\u017bA ZAWIERAJ\u0104CE GLUTEN, SELER, JAJA, MLEKO, GORCZYC\u0118 i SOJ\u0118.<\/p>\n","protected":false},"excerpt":{"rendered":"<p>Sk\u0142adniki makaron (36 %) (m\u0105ka PSZENNA, semolina, s\u00f3l) syrop glukozowy s\u00f3l jodowana skrobia cukier aromaty s\u00f3l ekstrakt dro\u017cd\u017cowy t\u0142uszcz palmowy marchew (1,8 %) t\u0142uszcz kurzy (1 %) kurkuma\u00b9 pieprz korze\u0144 pietruszki\u00b9 cebula\u00b9 natka pietruszki\u00b9 (0,2 %) mi\u0119so z kurczaka (0,2 %) por\u00b9 przeciwutleniacz: ekstrakty z rozmarynu \u00b9Uprawiane w spos\u00f3b zr\u00f3wnowa\u017cony Tekst dotycz\u0105cy alergen\u00f3w Mo\u017ce zawiera\u0107 [&hellip;]<\/p>\n","protected":false},"featured_media":11393,"template":"","meta":[],"product_brand":[],"product_cat":[142,144],"product_tag":[],"class_list":{"0":"post-11553","1":"product","2":"type-product","3":"status-publish","4":"has-post-thumbnail","6":"product_cat-gotowe-dania","7":"product_cat-zupy-i-buliony","9":"first","10":"instock","11":"taxable","12":"shipping-taxable","13":"purchasable","14":"product-type-simple"},"_links":{"self":[{"href":"http:\/\/www.polskismak.nl\/index.php\/wp-json\/wp\/v2\/product\/11553","targetHints":{"allow":["GET"]}}],"collection":[{"href":"http:\/\/www.polskismak.nl\/index.php\/wp-json\/wp\/v2\/product"}],"about":[{"href":"http:\/\/www.polskismak.nl\/index.php\/wp-json\/wp\/v2\/types\/product"}],"wp:featuredmedia":[{"embeddable":true,"href":"http:\/\/www.polskismak.nl\/index.php\/wp-json\/wp\/v2\/media\/11393"}],"wp:attachment":[{"href":"http:\/\/www.polskismak.nl\/index.php\/wp-json\/wp\/v2\/media?parent=11553"}],"wp:term":[{"taxonomy":"product_brand","embeddable":true,"href":"http:\/\/www.polskismak.nl\/index.php\/wp-json\/wp\/v2\/product_brand?post=11553"},{"taxonomy":"product_cat","embeddable":true,"href":"http:\/\/www.polskismak.nl\/index.php\/wp-json\/wp\/v2\/product_cat?post=11553"},{"taxonomy":"product_tag","embeddable":true,"href":"http:\/\/www.polskismak.nl\/index.php\/wp-json\/wp\/v2\/product_tag?post=11553"}],"curies":[{"name":"wp","href":"https:\/\/api.w.org\/{rel}","templated":true}]}}