{"id":11559,"date":"2024-08-07T10:46:35","date_gmt":"2024-08-07T10:46:35","guid":{"rendered":"https:\/\/www.polskismak.nl\/?post_type=product&#038;p=11559"},"modified":"2025-11-13T13:47:58","modified_gmt":"2025-11-13T13:47:58","slug":"zurek-z-babcinej-spizarni","status":"publish","type":"product","link":"http:\/\/www.polskismak.nl\/index.php\/product\/zurek-z-babcinej-spizarni\/","title":{"rendered":"\u017burek z babcinej spi\u017carni"},"content":{"rendered":"<p>Sk\u0142adniki<br \/>\nwoda,m\u0105ka \u017cytnia,czosnek<\/p>\n<p>Zalecenia dla alergik\u00f3w<br \/>\nm\u0105ka \u017cytnia<\/p>\n","protected":false},"excerpt":{"rendered":"<p>Sk\u0142adniki woda,m\u0105ka \u017cytnia,czosnek Zalecenia dla alergik\u00f3w m\u0105ka \u017cytnia<\/p>\n","protected":false},"featured_media":11399,"template":"","meta":[],"product_brand":[],"product_cat":[142,144],"product_tag":[],"class_list":{"0":"post-11559","1":"product","2":"type-product","3":"status-publish","4":"has-post-thumbnail","6":"product_cat-gotowe-dania","7":"product_cat-zupy-i-buliony","9":"first","10":"instock","11":"taxable","12":"shipping-taxable","13":"purchasable","14":"product-type-simple"},"_links":{"self":[{"href":"http:\/\/www.polskismak.nl\/index.php\/wp-json\/wp\/v2\/product\/11559","targetHints":{"allow":["GET"]}}],"collection":[{"href":"http:\/\/www.polskismak.nl\/index.php\/wp-json\/wp\/v2\/product"}],"about":[{"href":"http:\/\/www.polskismak.nl\/index.php\/wp-json\/wp\/v2\/types\/product"}],"wp:featuredmedia":[{"embeddable":true,"href":"http:\/\/www.polskismak.nl\/index.php\/wp-json\/wp\/v2\/media\/11399"}],"wp:attachment":[{"href":"http:\/\/www.polskismak.nl\/index.php\/wp-json\/wp\/v2\/media?parent=11559"}],"wp:term":[{"taxonomy":"product_brand","embeddable":true,"href":"http:\/\/www.polskismak.nl\/index.php\/wp-json\/wp\/v2\/product_brand?post=11559"},{"taxonomy":"product_cat","embeddable":true,"href":"http:\/\/www.polskismak.nl\/index.php\/wp-json\/wp\/v2\/product_cat?post=11559"},{"taxonomy":"product_tag","embeddable":true,"href":"http:\/\/www.polskismak.nl\/index.php\/wp-json\/wp\/v2\/product_tag?post=11559"}],"curies":[{"name":"wp","href":"https:\/\/api.w.org\/{rel}","templated":true}]}}