{"id":11563,"date":"2024-08-07T10:56:52","date_gmt":"2024-08-07T10:56:52","guid":{"rendered":"https:\/\/www.polskismak.nl\/?post_type=product&#038;p=11563"},"modified":"2025-11-12T15:13:26","modified_gmt":"2025-11-12T15:13:26","slug":"krakus-barszcz-czerwony-koncentrat","status":"publish","type":"product","link":"http:\/\/www.polskismak.nl\/index.php\/product\/krakus-barszcz-czerwony-koncentrat\/","title":{"rendered":"Krakus Barszcz Czerwony koncentrat"},"content":{"rendered":"<p>Sk\u0142adniki: Zag\u0119szczony sok z burak\u00f3w \u0107wik\u0142owych (59,2%), woda, cukier, syrop glukozowo-fruktozowy, s\u00f3l, regulator kwasowo\u015bci &#8211; kwas cytrynowy, warzywa i ekstrakty warzywne (zawieraj\u0105 seler), przyprawy i ekstrakty przypraw, aromaty (zawieraj\u0105 seler, mleko)<\/p>\n","protected":false},"excerpt":{"rendered":"<p>Sk\u0142adniki: Zag\u0119szczony sok z burak\u00f3w \u0107wik\u0142owych (59,2%), woda, cukier, syrop glukozowo-fruktozowy, s\u00f3l, regulator kwasowo\u015bci &#8211; kwas cytrynowy, warzywa i ekstrakty warzywne (zawieraj\u0105 seler), przyprawy i ekstrakty przypraw, aromaty (zawieraj\u0105 seler, mleko)<\/p>\n","protected":false},"featured_media":11403,"template":"","meta":[],"product_brand":[],"product_cat":[142,144],"product_tag":[],"class_list":{"0":"post-11563","1":"product","2":"type-product","3":"status-publish","4":"has-post-thumbnail","6":"product_cat-gotowe-dania","7":"product_cat-zupy-i-buliony","9":"first","10":"instock","11":"taxable","12":"shipping-taxable","13":"purchasable","14":"product-type-simple"},"_links":{"self":[{"href":"http:\/\/www.polskismak.nl\/index.php\/wp-json\/wp\/v2\/product\/11563","targetHints":{"allow":["GET"]}}],"collection":[{"href":"http:\/\/www.polskismak.nl\/index.php\/wp-json\/wp\/v2\/product"}],"about":[{"href":"http:\/\/www.polskismak.nl\/index.php\/wp-json\/wp\/v2\/types\/product"}],"wp:featuredmedia":[{"embeddable":true,"href":"http:\/\/www.polskismak.nl\/index.php\/wp-json\/wp\/v2\/media\/11403"}],"wp:attachment":[{"href":"http:\/\/www.polskismak.nl\/index.php\/wp-json\/wp\/v2\/media?parent=11563"}],"wp:term":[{"taxonomy":"product_brand","embeddable":true,"href":"http:\/\/www.polskismak.nl\/index.php\/wp-json\/wp\/v2\/product_brand?post=11563"},{"taxonomy":"product_cat","embeddable":true,"href":"http:\/\/www.polskismak.nl\/index.php\/wp-json\/wp\/v2\/product_cat?post=11563"},{"taxonomy":"product_tag","embeddable":true,"href":"http:\/\/www.polskismak.nl\/index.php\/wp-json\/wp\/v2\/product_tag?post=11563"}],"curies":[{"name":"wp","href":"https:\/\/api.w.org\/{rel}","templated":true}]}}