{"id":11567,"date":"2024-08-07T11:05:14","date_gmt":"2024-08-07T11:05:14","guid":{"rendered":"https:\/\/www.polskismak.nl\/?post_type=product&#038;p=11567"},"modified":"2025-01-23T13:00:52","modified_gmt":"2025-01-23T13:00:52","slug":"barszcz-czerowny-winiary","status":"publish","type":"product","link":"http:\/\/www.polskismak.nl\/index.php\/product\/barszcz-czerowny-winiary\/","title":{"rendered":"Barszcz czerowny Winiary"},"content":{"rendered":"<p>Sk\u0142adniki Cukier, koncentrat soku z buraka 15,0%, s\u00f3l, maltodekstryna, wzmacniacze smaku (glutaminian monosodowy, 5&#8242;-rybonukleotydy disodowe), t\u0142uszcz palmowy, kwas (kwas cytrynowy), ekstrakt dro\u017cd\u017cy, suszone warzywa 0,8% (cebula, czosnek), olej s\u0142onecznikowy, aromaty (z glutenem), pieprz czarny mo\u017ce zawiera\u0107: jaja, soj\u0119, mleko, seler, gorczyc\u0119.<br \/>\nTemperatura przechowywania min &#8211; max 18 &#8211; 25 \u00b0C<br \/>\nWaga jednostkowa brutto 0,19 kg<br \/>\nKod CN 2104 10 00<br \/>\nAlergeny<br \/>\nNasiona sezamu i produkty pochodne Nie<br \/>\nMleko i produkty pochodne (\u0142\u0105cznie z laktoz\u0105) Mo\u017ce zawiera\u0107<br \/>\nMi\u0119czaki i produkty pochodne Nie<br \/>\n\u0141ubin i produkty pochodne Nie<br \/>\nJaja i produkty pochodne Mo\u017ce zawiera\u0107<br \/>\nGorczyca i produkty pochodne Mo\u017ce zawiera\u0107<br \/>\nDwutlenek siarki i siarczyny Nie<br \/>\nZbo\u017ca zawierajace gluten Nie<br \/>\nSoja i produkty pochodne Mo\u017ce zawiera\u0107<br \/>\nSkorupiaki i produkty pochodne Nie<br \/>\nSeler i produkty pochodne Mo\u017ce zawiera\u0107<br \/>\nRyby i produkty pochodne Nie<br \/>\nOrzechy Nie<\/p>\n","protected":false},"excerpt":{"rendered":"<p>Sk\u0142adniki Cukier, koncentrat soku z buraka 15,0%, s\u00f3l, maltodekstryna, wzmacniacze smaku (glutaminian monosodowy, 5&#8242;-rybonukleotydy disodowe), t\u0142uszcz palmowy, kwas (kwas cytrynowy), ekstrakt dro\u017cd\u017cy, suszone warzywa 0,8% (cebula, czosnek), olej s\u0142onecznikowy, aromaty (z glutenem), pieprz czarny mo\u017ce zawiera\u0107: jaja, soj\u0119, mleko, seler, gorczyc\u0119. Temperatura przechowywania min &#8211; max 18 &#8211; 25 \u00b0C Waga jednostkowa brutto 0,19 kg [&hellip;]<\/p>\n","protected":false},"featured_media":11408,"template":"","meta":[],"product_brand":[],"product_cat":[142,144],"product_tag":[],"class_list":{"0":"post-11567","1":"product","2":"type-product","3":"status-publish","4":"has-post-thumbnail","6":"product_cat-gotowe-dania","7":"product_cat-zupy-i-buliony","9":"first","10":"instock","11":"taxable","12":"shipping-taxable","13":"purchasable","14":"product-type-simple"},"_links":{"self":[{"href":"http:\/\/www.polskismak.nl\/index.php\/wp-json\/wp\/v2\/product\/11567","targetHints":{"allow":["GET"]}}],"collection":[{"href":"http:\/\/www.polskismak.nl\/index.php\/wp-json\/wp\/v2\/product"}],"about":[{"href":"http:\/\/www.polskismak.nl\/index.php\/wp-json\/wp\/v2\/types\/product"}],"wp:featuredmedia":[{"embeddable":true,"href":"http:\/\/www.polskismak.nl\/index.php\/wp-json\/wp\/v2\/media\/11408"}],"wp:attachment":[{"href":"http:\/\/www.polskismak.nl\/index.php\/wp-json\/wp\/v2\/media?parent=11567"}],"wp:term":[{"taxonomy":"product_brand","embeddable":true,"href":"http:\/\/www.polskismak.nl\/index.php\/wp-json\/wp\/v2\/product_brand?post=11567"},{"taxonomy":"product_cat","embeddable":true,"href":"http:\/\/www.polskismak.nl\/index.php\/wp-json\/wp\/v2\/product_cat?post=11567"},{"taxonomy":"product_tag","embeddable":true,"href":"http:\/\/www.polskismak.nl\/index.php\/wp-json\/wp\/v2\/product_tag?post=11567"}],"curies":[{"name":"wp","href":"https:\/\/api.w.org\/{rel}","templated":true}]}}