{"id":11575,"date":"2024-08-07T11:21:45","date_gmt":"2024-08-07T11:21:45","guid":{"rendered":"https:\/\/www.polskismak.nl\/?post_type=product&#038;p=11575"},"modified":"2025-01-23T12:59:53","modified_gmt":"2025-01-23T12:59:53","slug":"pomidorowa-amino","status":"publish","type":"product","link":"http:\/\/www.polskismak.nl\/index.php\/product\/pomidorowa-amino\/","title":{"rendered":"Pomidorowa Amino"},"content":{"rendered":"<p>Sk\u0142adniki<br \/>\nkluski (85 %): m\u0105ka PSZENNA, olej s\u0142onecznikowy (17 %), skrobia modyfikowana, s\u00f3l, cukier, olej rzepakowy, ekstrakt kurkumy<\/p>\n<p>mieszanka smakowa (15 %): koncentrat pomidorowy\u00b9 (48 %), s\u00f3l jodowana, cukier, pomidory\u00b9 (5,5 %), skrobia, wzmacniacze smaku: glutaminian monosodowy, inozynian disodowy, guanylan disodowy; aromaty (w tym MLEKO), natka pietruszki\u00b9 (0,8 %), por\u00b9, zag\u0119szczony sok z cebuli\u00b9, maltodekstryna, kwas: kwas cytrynowy; s\u00f3l, zag\u0119szczony sok z czerwonego buraka, czosnek\u00b9, ekstrakt dro\u017cd\u017cowy, pieprz, li\u015b\u0107 laurowy\u00b9, olej s\u0142onecznikowy<\/p>\n<p>\u00b9Uprawiane w spos\u00f3b zr\u00f3wnowa\u017cony<\/p>\n<p>Tekst dotycz\u0105cy alergen\u00f3w<br \/>\nKluski: Mo\u017ce zawiera\u0107 mleko, \u017cyto, j\u0119czmie\u0144, owies, jaja, soj\u0119, seler i gorczyc\u0119. Mieszanka smakowa: Mo\u017ce zawiera\u0107 pszenic\u0119, \u017cyto, j\u0119czmie\u0144, owies, jaja, soj\u0119, seler i gorczyc\u0119.<\/p>\n","protected":false},"excerpt":{"rendered":"<p>Sk\u0142adniki kluski (85 %): m\u0105ka PSZENNA, olej s\u0142onecznikowy (17 %), skrobia modyfikowana, s\u00f3l, cukier, olej rzepakowy, ekstrakt kurkumy mieszanka smakowa (15 %): koncentrat pomidorowy\u00b9 (48 %), s\u00f3l jodowana, cukier, pomidory\u00b9 (5,5 %), skrobia, wzmacniacze smaku: glutaminian monosodowy, inozynian disodowy, guanylan disodowy; aromaty (w tym MLEKO), natka pietruszki\u00b9 (0,8 %), por\u00b9, zag\u0119szczony sok z cebuli\u00b9, maltodekstryna, [&hellip;]<\/p>\n","protected":false},"featured_media":11416,"template":"","meta":[],"product_brand":[],"product_cat":[142,144],"product_tag":[],"class_list":{"0":"post-11575","1":"product","2":"type-product","3":"status-publish","4":"has-post-thumbnail","6":"product_cat-gotowe-dania","7":"product_cat-zupy-i-buliony","9":"first","10":"instock","11":"taxable","12":"shipping-taxable","13":"purchasable","14":"product-type-simple"},"_links":{"self":[{"href":"http:\/\/www.polskismak.nl\/index.php\/wp-json\/wp\/v2\/product\/11575","targetHints":{"allow":["GET"]}}],"collection":[{"href":"http:\/\/www.polskismak.nl\/index.php\/wp-json\/wp\/v2\/product"}],"about":[{"href":"http:\/\/www.polskismak.nl\/index.php\/wp-json\/wp\/v2\/types\/product"}],"wp:featuredmedia":[{"embeddable":true,"href":"http:\/\/www.polskismak.nl\/index.php\/wp-json\/wp\/v2\/media\/11416"}],"wp:attachment":[{"href":"http:\/\/www.polskismak.nl\/index.php\/wp-json\/wp\/v2\/media?parent=11575"}],"wp:term":[{"taxonomy":"product_brand","embeddable":true,"href":"http:\/\/www.polskismak.nl\/index.php\/wp-json\/wp\/v2\/product_brand?post=11575"},{"taxonomy":"product_cat","embeddable":true,"href":"http:\/\/www.polskismak.nl\/index.php\/wp-json\/wp\/v2\/product_cat?post=11575"},{"taxonomy":"product_tag","embeddable":true,"href":"http:\/\/www.polskismak.nl\/index.php\/wp-json\/wp\/v2\/product_tag?post=11575"}],"curies":[{"name":"wp","href":"https:\/\/api.w.org\/{rel}","templated":true}]}}