{"id":11581,"date":"2024-08-07T11:38:42","date_gmt":"2024-08-07T11:38:42","guid":{"rendered":"https:\/\/www.polskismak.nl\/?post_type=product&#038;p=11581"},"modified":"2025-01-23T12:59:04","modified_gmt":"2025-01-23T12:59:04","slug":"nuddle-knorr-ser-w-ziolach","status":"publish","type":"product","link":"http:\/\/www.polskismak.nl\/index.php\/product\/nuddle-knorr-ser-w-ziolach\/","title":{"rendered":"Nuddle Knorr Ser w zio\u0142ach"},"content":{"rendered":"<p>Sk\u0142adniki<br \/>\nkluski (85 %): m\u0105ka PSZENNA, olej s\u0142onecznikowy (17 %), s\u00f3l, skrobia modyfikowana, cukier, olej rzepakowy, ekstrakt kurkumy<\/p>\n<p>mix przyprawowy (15 %): SER topiony (26 %) [SER, preparat serwatkowy (z MLEKA)], t\u0142uszcz palmowy, s\u00f3l, cukier, wzmacniacze smaku: glutaminian monosodowy, inozynian disodowy, guanylan diodowy; aromaty (w tym MLEKO), suszony syrop glukozowy, hydrolizowane bia\u0142ko ro\u015blinne, mineralna s\u00f3l potasowa, skrobia, bia\u0142ka MLEKA, kurkuma, czosnek\u00b9 (1,4 %), szczypiorek\u00b9 (0,4 %), kwas: kwas cytrynowy; tymianek\u00b9<\/p>\n<p>\u00b9Uprawiane w spos\u00f3b zr\u00f3wnowa\u017cony<\/p>\n<p>Tekst dotycz\u0105cy alergen\u00f3w<br \/>\nKluski: Mo\u017ce zawiera\u0107 mleko, \u017cyto, j\u0119czmie\u0144, owies, jaja, soj\u0119, seler i gorczyc\u0119. Mix przyprawowy: Mo\u017ce zawiera\u0107 pszenic\u0119, \u017cyto, j\u0119czmie\u0144, owies, jaja, soj\u0119, seler i gorczyc\u0119.<\/p>\n","protected":false},"excerpt":{"rendered":"<p>Sk\u0142adniki kluski (85 %): m\u0105ka PSZENNA, olej s\u0142onecznikowy (17 %), s\u00f3l, skrobia modyfikowana, cukier, olej rzepakowy, ekstrakt kurkumy mix przyprawowy (15 %): SER topiony (26 %) [SER, preparat serwatkowy (z MLEKA)], t\u0142uszcz palmowy, s\u00f3l, cukier, wzmacniacze smaku: glutaminian monosodowy, inozynian disodowy, guanylan diodowy; aromaty (w tym MLEKO), suszony syrop glukozowy, hydrolizowane bia\u0142ko ro\u015blinne, mineralna s\u00f3l [&hellip;]<\/p>\n","protected":false},"featured_media":11415,"template":"","meta":[],"product_brand":[],"product_cat":[142,144],"product_tag":[],"class_list":{"0":"post-11581","1":"product","2":"type-product","3":"status-publish","4":"has-post-thumbnail","6":"product_cat-gotowe-dania","7":"product_cat-zupy-i-buliony","9":"first","10":"instock","11":"taxable","12":"shipping-taxable","13":"purchasable","14":"product-type-simple"},"_links":{"self":[{"href":"http:\/\/www.polskismak.nl\/index.php\/wp-json\/wp\/v2\/product\/11581","targetHints":{"allow":["GET"]}}],"collection":[{"href":"http:\/\/www.polskismak.nl\/index.php\/wp-json\/wp\/v2\/product"}],"about":[{"href":"http:\/\/www.polskismak.nl\/index.php\/wp-json\/wp\/v2\/types\/product"}],"wp:featuredmedia":[{"embeddable":true,"href":"http:\/\/www.polskismak.nl\/index.php\/wp-json\/wp\/v2\/media\/11415"}],"wp:attachment":[{"href":"http:\/\/www.polskismak.nl\/index.php\/wp-json\/wp\/v2\/media?parent=11581"}],"wp:term":[{"taxonomy":"product_brand","embeddable":true,"href":"http:\/\/www.polskismak.nl\/index.php\/wp-json\/wp\/v2\/product_brand?post=11581"},{"taxonomy":"product_cat","embeddable":true,"href":"http:\/\/www.polskismak.nl\/index.php\/wp-json\/wp\/v2\/product_cat?post=11581"},{"taxonomy":"product_tag","embeddable":true,"href":"http:\/\/www.polskismak.nl\/index.php\/wp-json\/wp\/v2\/product_tag?post=11581"}],"curies":[{"name":"wp","href":"https:\/\/api.w.org\/{rel}","templated":true}]}}