{"id":11591,"date":"2024-08-07T11:51:25","date_gmt":"2024-08-07T11:51:25","guid":{"rendered":"https:\/\/www.polskismak.nl\/?post_type=product&#038;p=11591"},"modified":"2025-01-23T12:56:49","modified_gmt":"2025-01-23T12:56:49","slug":"majonez-dekoracyjny-winiary-400-ml","status":"publish","type":"product","link":"http:\/\/www.polskismak.nl\/index.php\/product\/majonez-dekoracyjny-winiary-400-ml\/","title":{"rendered":"Majonez dekoracyjny Winiary 400 ml"},"content":{"rendered":"<p>Sk\u0142adniki<br \/>\nolej rzepakowy<\/p>\n<p>\u017c\u00f3\u0142tko jaja 6,0 %<\/p>\n<p>ocet<\/p>\n<p>musztarda (woda, gorczyca, ocet, s\u00f3l, cukier, przyprawy, aromat)<\/p>\n<p>cukier<\/p>\n<p>s\u00f3l<\/p>\n<p>przyprawy<\/p>\n<p>przeciwutleniacz (s\u00f3l wapniowo-disodowa EDTA)<\/p>\n<p>regulator kwasowo\u015bci (kwas cytrynowy)<\/p>\n","protected":false},"excerpt":{"rendered":"<p>Sk\u0142adniki olej rzepakowy \u017c\u00f3\u0142tko jaja 6,0 % ocet musztarda (woda, gorczyca, ocet, s\u00f3l, cukier, przyprawy, aromat) cukier s\u00f3l przyprawy przeciwutleniacz (s\u00f3l wapniowo-disodowa EDTA) regulator kwasowo\u015bci (kwas cytrynowy)<\/p>\n","protected":false},"featured_media":0,"template":"","meta":[],"product_brand":[],"product_cat":[124,119],"product_tag":[],"class_list":{"0":"post-11591","1":"product","2":"type-product","3":"status-publish","5":"product_cat-majonezy-ketchupy-musztardy","6":"product_cat-przetwory","8":"first","9":"instock","10":"taxable","11":"shipping-taxable","12":"purchasable","13":"product-type-simple"},"_links":{"self":[{"href":"http:\/\/www.polskismak.nl\/index.php\/wp-json\/wp\/v2\/product\/11591","targetHints":{"allow":["GET"]}}],"collection":[{"href":"http:\/\/www.polskismak.nl\/index.php\/wp-json\/wp\/v2\/product"}],"about":[{"href":"http:\/\/www.polskismak.nl\/index.php\/wp-json\/wp\/v2\/types\/product"}],"wp:attachment":[{"href":"http:\/\/www.polskismak.nl\/index.php\/wp-json\/wp\/v2\/media?parent=11591"}],"wp:term":[{"taxonomy":"product_brand","embeddable":true,"href":"http:\/\/www.polskismak.nl\/index.php\/wp-json\/wp\/v2\/product_brand?post=11591"},{"taxonomy":"product_cat","embeddable":true,"href":"http:\/\/www.polskismak.nl\/index.php\/wp-json\/wp\/v2\/product_cat?post=11591"},{"taxonomy":"product_tag","embeddable":true,"href":"http:\/\/www.polskismak.nl\/index.php\/wp-json\/wp\/v2\/product_tag?post=11591"}],"curies":[{"name":"wp","href":"https:\/\/api.w.org\/{rel}","templated":true}]}}