{"id":11593,"date":"2024-08-07T11:54:03","date_gmt":"2024-08-07T11:54:03","guid":{"rendered":"https:\/\/www.polskismak.nl\/?post_type=product&#038;p=11593"},"modified":"2025-11-12T15:11:17","modified_gmt":"2025-11-12T15:11:17","slug":"lesne-skarby-maslaki","status":"publish","type":"product","link":"http:\/\/www.polskismak.nl\/index.php\/product\/lesne-skarby-maslaki\/","title":{"rendered":"Le\u015bne skarby Ma\u015blaki"},"content":{"rendered":"<p>Sk\u0142adniki<br \/>\nma\u015blaki zwyczajne (Suillus Luteus) 43%<\/p>\n<p>woda<\/p>\n<p>ocet spirytusowy<\/p>\n<p>cukier<\/p>\n<p>cebula<\/p>\n<p>marchew<\/p>\n<p>s\u00f3l<\/p>\n<p>regulator kwasowo\u015bci &#8211; kwas cytrynowy<\/p>\n<p>gorczyca<\/p>\n<p>pieprz naturalny ziarnisty<\/p>\n<p>li\u015b\u0107 laurowy<\/p>\n","protected":false},"excerpt":{"rendered":"<p>Sk\u0142adniki ma\u015blaki zwyczajne (Suillus Luteus) 43% woda ocet spirytusowy cukier cebula marchew s\u00f3l regulator kwasowo\u015bci &#8211; kwas cytrynowy gorczyca pieprz naturalny ziarnisty li\u015b\u0107 laurowy<\/p>\n","protected":false},"featured_media":11422,"template":"","meta":[],"product_brand":[],"product_cat":[125,119],"product_tag":[],"class_list":{"0":"post-11593","1":"product","2":"type-product","3":"status-publish","4":"has-post-thumbnail","6":"product_cat-inne","7":"product_cat-przetwory","9":"first","10":"instock","11":"taxable","12":"shipping-taxable","13":"purchasable","14":"product-type-simple"},"_links":{"self":[{"href":"http:\/\/www.polskismak.nl\/index.php\/wp-json\/wp\/v2\/product\/11593","targetHints":{"allow":["GET"]}}],"collection":[{"href":"http:\/\/www.polskismak.nl\/index.php\/wp-json\/wp\/v2\/product"}],"about":[{"href":"http:\/\/www.polskismak.nl\/index.php\/wp-json\/wp\/v2\/types\/product"}],"wp:featuredmedia":[{"embeddable":true,"href":"http:\/\/www.polskismak.nl\/index.php\/wp-json\/wp\/v2\/media\/11422"}],"wp:attachment":[{"href":"http:\/\/www.polskismak.nl\/index.php\/wp-json\/wp\/v2\/media?parent=11593"}],"wp:term":[{"taxonomy":"product_brand","embeddable":true,"href":"http:\/\/www.polskismak.nl\/index.php\/wp-json\/wp\/v2\/product_brand?post=11593"},{"taxonomy":"product_cat","embeddable":true,"href":"http:\/\/www.polskismak.nl\/index.php\/wp-json\/wp\/v2\/product_cat?post=11593"},{"taxonomy":"product_tag","embeddable":true,"href":"http:\/\/www.polskismak.nl\/index.php\/wp-json\/wp\/v2\/product_tag?post=11593"}],"curies":[{"name":"wp","href":"https:\/\/api.w.org\/{rel}","templated":true}]}}