{"id":11599,"date":"2024-08-07T12:02:07","date_gmt":"2024-08-07T12:02:07","guid":{"rendered":"https:\/\/www.polskismak.nl\/?post_type=product&#038;p=11599"},"modified":"2025-01-23T12:55:54","modified_gmt":"2025-01-23T12:55:54","slug":"buraczki-tarte","status":"publish","type":"product","link":"http:\/\/www.polskismak.nl\/index.php\/product\/buraczki-tarte\/","title":{"rendered":"Buraczki tarte"},"content":{"rendered":"<p>Sk\u0142adniki<br \/>\nburaki \u0107wik\u0142owe (94 %)<\/p>\n<p>ocet spirytusowy<\/p>\n<p>cukier<\/p>\n<p>s\u00f3l<\/p>\n<p>woda<\/p>\n","protected":false},"excerpt":{"rendered":"<p>Sk\u0142adniki buraki \u0107wik\u0142owe (94 %) ocet spirytusowy cukier s\u00f3l woda<\/p>\n","protected":false},"featured_media":11426,"template":"","meta":[],"product_brand":[],"product_cat":[119,123],"product_tag":[],"class_list":{"0":"post-11599","1":"product","2":"type-product","3":"status-publish","4":"has-post-thumbnail","6":"product_cat-przetwory","7":"product_cat-przetwory-warzywne","9":"first","10":"instock","11":"taxable","12":"shipping-taxable","13":"purchasable","14":"product-type-simple"},"_links":{"self":[{"href":"http:\/\/www.polskismak.nl\/index.php\/wp-json\/wp\/v2\/product\/11599","targetHints":{"allow":["GET"]}}],"collection":[{"href":"http:\/\/www.polskismak.nl\/index.php\/wp-json\/wp\/v2\/product"}],"about":[{"href":"http:\/\/www.polskismak.nl\/index.php\/wp-json\/wp\/v2\/types\/product"}],"wp:featuredmedia":[{"embeddable":true,"href":"http:\/\/www.polskismak.nl\/index.php\/wp-json\/wp\/v2\/media\/11426"}],"wp:attachment":[{"href":"http:\/\/www.polskismak.nl\/index.php\/wp-json\/wp\/v2\/media?parent=11599"}],"wp:term":[{"taxonomy":"product_brand","embeddable":true,"href":"http:\/\/www.polskismak.nl\/index.php\/wp-json\/wp\/v2\/product_brand?post=11599"},{"taxonomy":"product_cat","embeddable":true,"href":"http:\/\/www.polskismak.nl\/index.php\/wp-json\/wp\/v2\/product_cat?post=11599"},{"taxonomy":"product_tag","embeddable":true,"href":"http:\/\/www.polskismak.nl\/index.php\/wp-json\/wp\/v2\/product_tag?post=11599"}],"curies":[{"name":"wp","href":"https:\/\/api.w.org\/{rel}","templated":true}]}}