{"id":11603,"date":"2024-08-07T12:07:07","date_gmt":"2024-08-07T12:07:07","guid":{"rendered":"https:\/\/www.polskismak.nl\/?post_type=product&#038;p=11603"},"modified":"2025-01-22T11:33:32","modified_gmt":"2025-01-22T11:33:32","slug":"ogorki-kiszone-600g","status":"publish","type":"product","link":"http:\/\/www.polskismak.nl\/index.php\/product\/ogorki-kiszone-600g\/","title":{"rendered":"Og\u00f3rki kiszone 600g"},"content":{"rendered":"<p>Sk\u0142adniki: og\u00f3rki, woda, ocet spirytusowy, cukier, s\u00f3l, przyprawy (koper, gorczyca, ziele angielskie, li\u015b\u0107 laurowy.<\/p>\n<p>PRODUCENT:<\/p>\n","protected":false},"excerpt":{"rendered":"<p>Sk\u0142adniki: og\u00f3rki, woda, ocet spirytusowy, cukier, s\u00f3l, przyprawy (koper, gorczyca, ziele angielskie, li\u015b\u0107 laurowy. PRODUCENT:<\/p>\n","protected":false},"featured_media":11459,"template":"","meta":[],"product_brand":[],"product_cat":[119,123],"product_tag":[],"class_list":{"0":"post-11603","1":"product","2":"type-product","3":"status-publish","4":"has-post-thumbnail","6":"product_cat-przetwory","7":"product_cat-przetwory-warzywne","9":"first","10":"instock","11":"taxable","12":"shipping-taxable","13":"purchasable","14":"product-type-simple"},"_links":{"self":[{"href":"http:\/\/www.polskismak.nl\/index.php\/wp-json\/wp\/v2\/product\/11603","targetHints":{"allow":["GET"]}}],"collection":[{"href":"http:\/\/www.polskismak.nl\/index.php\/wp-json\/wp\/v2\/product"}],"about":[{"href":"http:\/\/www.polskismak.nl\/index.php\/wp-json\/wp\/v2\/types\/product"}],"wp:featuredmedia":[{"embeddable":true,"href":"http:\/\/www.polskismak.nl\/index.php\/wp-json\/wp\/v2\/media\/11459"}],"wp:attachment":[{"href":"http:\/\/www.polskismak.nl\/index.php\/wp-json\/wp\/v2\/media?parent=11603"}],"wp:term":[{"taxonomy":"product_brand","embeddable":true,"href":"http:\/\/www.polskismak.nl\/index.php\/wp-json\/wp\/v2\/product_brand?post=11603"},{"taxonomy":"product_cat","embeddable":true,"href":"http:\/\/www.polskismak.nl\/index.php\/wp-json\/wp\/v2\/product_cat?post=11603"},{"taxonomy":"product_tag","embeddable":true,"href":"http:\/\/www.polskismak.nl\/index.php\/wp-json\/wp\/v2\/product_tag?post=11603"}],"curies":[{"name":"wp","href":"https:\/\/api.w.org\/{rel}","templated":true}]}}