{"id":11606,"date":"2024-08-30T13:02:29","date_gmt":"2024-08-30T13:02:29","guid":{"rendered":"https:\/\/www.polskismak.nl\/?post_type=product&#038;p=11606"},"modified":"2025-01-23T12:54:47","modified_gmt":"2025-01-23T12:54:47","slug":"cwikla-z-chrzanem","status":"publish","type":"product","link":"http:\/\/www.polskismak.nl\/index.php\/product\/cwikla-z-chrzanem\/","title":{"rendered":"\u0106wik\u0142a z chrzanem"},"content":{"rendered":"<p>Sk\u0142ad:<\/p>\n<p>buraki \u0107wik\u0142owe (60%), chrzan (20%), woda, ocet spirytusowy, cukier, s\u00f3l.<\/p>\n","protected":false},"excerpt":{"rendered":"<p>Sk\u0142ad: buraki \u0107wik\u0142owe (60%), chrzan (20%), woda, ocet spirytusowy, cukier, s\u00f3l.<\/p>\n","protected":false},"featured_media":11460,"template":"","meta":[],"product_brand":[],"product_cat":[119,123],"product_tag":[],"class_list":{"0":"post-11606","1":"product","2":"type-product","3":"status-publish","4":"has-post-thumbnail","6":"product_cat-przetwory","7":"product_cat-przetwory-warzywne","9":"first","10":"instock","11":"taxable","12":"shipping-taxable","13":"purchasable","14":"product-type-simple"},"_links":{"self":[{"href":"http:\/\/www.polskismak.nl\/index.php\/wp-json\/wp\/v2\/product\/11606","targetHints":{"allow":["GET"]}}],"collection":[{"href":"http:\/\/www.polskismak.nl\/index.php\/wp-json\/wp\/v2\/product"}],"about":[{"href":"http:\/\/www.polskismak.nl\/index.php\/wp-json\/wp\/v2\/types\/product"}],"wp:featuredmedia":[{"embeddable":true,"href":"http:\/\/www.polskismak.nl\/index.php\/wp-json\/wp\/v2\/media\/11460"}],"wp:attachment":[{"href":"http:\/\/www.polskismak.nl\/index.php\/wp-json\/wp\/v2\/media?parent=11606"}],"wp:term":[{"taxonomy":"product_brand","embeddable":true,"href":"http:\/\/www.polskismak.nl\/index.php\/wp-json\/wp\/v2\/product_brand?post=11606"},{"taxonomy":"product_cat","embeddable":true,"href":"http:\/\/www.polskismak.nl\/index.php\/wp-json\/wp\/v2\/product_cat?post=11606"},{"taxonomy":"product_tag","embeddable":true,"href":"http:\/\/www.polskismak.nl\/index.php\/wp-json\/wp\/v2\/product_tag?post=11606"}],"curies":[{"name":"wp","href":"https:\/\/api.w.org\/{rel}","templated":true}]}}