{"id":11608,"date":"2024-08-30T13:05:21","date_gmt":"2024-08-30T13:05:21","guid":{"rendered":"https:\/\/www.polskismak.nl\/?post_type=product&#038;p=11608"},"modified":"2025-11-12T15:09:32","modified_gmt":"2025-11-12T15:09:32","slug":"musztarda-miodowa","status":"publish","type":"product","link":"http:\/\/www.polskismak.nl\/index.php\/product\/musztarda-miodowa\/","title":{"rendered":"Musztarda miodowa"},"content":{"rendered":"<p>Sk\u0142adniki<br \/>\nSk\u0142adniki: woda, cukier, gorczyca bia\u0142a , ocet spirytusowy, mi\u00f3d (5,9%), s\u00f3l, przyprawy, aromat, ekstrakt z kurkumy.<br \/>\nProfil alergenny<br \/>\nProdukt mo\u017ce zawiera\u0107: jaja, soj\u0119, mleko (\u0142\u0105cznie z laktoz\u0105) i seler.<\/p>\n","protected":false},"excerpt":{"rendered":"<p>Sk\u0142adniki Sk\u0142adniki: woda, cukier, gorczyca bia\u0142a , ocet spirytusowy, mi\u00f3d (5,9%), s\u00f3l, przyprawy, aromat, ekstrakt z kurkumy. Profil alergenny Produkt mo\u017ce zawiera\u0107: jaja, soj\u0119, mleko (\u0142\u0105cznie z laktoz\u0105) i seler.<\/p>\n","protected":false},"featured_media":11461,"template":"","meta":[],"product_brand":[],"product_cat":[124,119],"product_tag":[],"class_list":{"0":"post-11608","1":"product","2":"type-product","3":"status-publish","4":"has-post-thumbnail","6":"product_cat-majonezy-ketchupy-musztardy","7":"product_cat-przetwory","9":"first","10":"instock","11":"taxable","12":"shipping-taxable","13":"purchasable","14":"product-type-simple"},"_links":{"self":[{"href":"http:\/\/www.polskismak.nl\/index.php\/wp-json\/wp\/v2\/product\/11608","targetHints":{"allow":["GET"]}}],"collection":[{"href":"http:\/\/www.polskismak.nl\/index.php\/wp-json\/wp\/v2\/product"}],"about":[{"href":"http:\/\/www.polskismak.nl\/index.php\/wp-json\/wp\/v2\/types\/product"}],"wp:featuredmedia":[{"embeddable":true,"href":"http:\/\/www.polskismak.nl\/index.php\/wp-json\/wp\/v2\/media\/11461"}],"wp:attachment":[{"href":"http:\/\/www.polskismak.nl\/index.php\/wp-json\/wp\/v2\/media?parent=11608"}],"wp:term":[{"taxonomy":"product_brand","embeddable":true,"href":"http:\/\/www.polskismak.nl\/index.php\/wp-json\/wp\/v2\/product_brand?post=11608"},{"taxonomy":"product_cat","embeddable":true,"href":"http:\/\/www.polskismak.nl\/index.php\/wp-json\/wp\/v2\/product_cat?post=11608"},{"taxonomy":"product_tag","embeddable":true,"href":"http:\/\/www.polskismak.nl\/index.php\/wp-json\/wp\/v2\/product_tag?post=11608"}],"curies":[{"name":"wp","href":"https:\/\/api.w.org\/{rel}","templated":true}]}}