{"id":11610,"date":"2024-08-30T13:08:24","date_gmt":"2024-08-30T13:08:24","guid":{"rendered":"https:\/\/www.polskismak.nl\/?post_type=product&#038;p=11610"},"modified":"2025-01-23T12:06:56","modified_gmt":"2025-01-23T12:06:56","slug":"chrzan-tarty","status":"publish","type":"product","link":"http:\/\/www.polskismak.nl\/index.php\/product\/chrzan-tarty\/","title":{"rendered":"Chrzan tarty"},"content":{"rendered":"<p>Sk\u0142adniki<br \/>\nkorze\u0144 chrzanu (60 %)<\/p>\n<p>woda<\/p>\n<p>olej rzepakowy<\/p>\n<p>ocet spirytusowy<\/p>\n<p>cukier<\/p>\n<p>s\u00f3l<\/p>\n<p>regulator kwasowo\u015bci: kwas cytrynowy<\/p>\n<p>przeciwutleniacz: pirosiarczyn sodu<\/p>\n","protected":false},"excerpt":{"rendered":"<p>Sk\u0142adniki korze\u0144 chrzanu (60 %) woda olej rzepakowy ocet spirytusowy cukier s\u00f3l regulator kwasowo\u015bci: kwas cytrynowy przeciwutleniacz: pirosiarczyn sodu<\/p>\n","protected":false},"featured_media":11462,"template":"","meta":[],"product_brand":[],"product_cat":[119,123],"product_tag":[],"class_list":{"0":"post-11610","1":"product","2":"type-product","3":"status-publish","4":"has-post-thumbnail","6":"product_cat-przetwory","7":"product_cat-przetwory-warzywne","9":"first","10":"instock","11":"taxable","12":"shipping-taxable","13":"purchasable","14":"product-type-simple"},"_links":{"self":[{"href":"http:\/\/www.polskismak.nl\/index.php\/wp-json\/wp\/v2\/product\/11610","targetHints":{"allow":["GET"]}}],"collection":[{"href":"http:\/\/www.polskismak.nl\/index.php\/wp-json\/wp\/v2\/product"}],"about":[{"href":"http:\/\/www.polskismak.nl\/index.php\/wp-json\/wp\/v2\/types\/product"}],"wp:featuredmedia":[{"embeddable":true,"href":"http:\/\/www.polskismak.nl\/index.php\/wp-json\/wp\/v2\/media\/11462"}],"wp:attachment":[{"href":"http:\/\/www.polskismak.nl\/index.php\/wp-json\/wp\/v2\/media?parent=11610"}],"wp:term":[{"taxonomy":"product_brand","embeddable":true,"href":"http:\/\/www.polskismak.nl\/index.php\/wp-json\/wp\/v2\/product_brand?post=11610"},{"taxonomy":"product_cat","embeddable":true,"href":"http:\/\/www.polskismak.nl\/index.php\/wp-json\/wp\/v2\/product_cat?post=11610"},{"taxonomy":"product_tag","embeddable":true,"href":"http:\/\/www.polskismak.nl\/index.php\/wp-json\/wp\/v2\/product_tag?post=11610"}],"curies":[{"name":"wp","href":"https:\/\/api.w.org\/{rel}","templated":true}]}}