{"id":11612,"date":"2024-08-30T13:11:58","date_gmt":"2024-08-30T13:11:58","guid":{"rendered":"https:\/\/www.polskismak.nl\/?post_type=product&#038;p=11612"},"modified":"2025-11-12T15:08:58","modified_gmt":"2025-11-12T15:08:58","slug":"czekolada-miod-malina","status":"publish","type":"product","link":"http:\/\/www.polskismak.nl\/index.php\/product\/czekolada-miod-malina\/","title":{"rendered":"Czekolada Mi\u00f3d-Malina"},"content":{"rendered":"<p>Sk\u0142adniki: czekolada 53% [cukier, miazga kakaowa, t\u0142uszcz kakaowy, t\u0142uszcz ro\u015blinny (shea), emulgator: lecytyny], nadzienie malinowe 20% (syrop glukozowy, przecier malinowy 20%, cukier, regulator kwasowo\u015bci: kwas cytrynowy, substancje zag\u0119szczaj\u0105ce: pektyny, agar; aromat naturalny), t\u0142uszcz ro\u015blinny(palmowy), cukier, mleko w proszku odt\u0142uszczone 4,0%, serwatka w proszku (z mleka), mi\u00f3d w proszku 0,3% (maltodekstryna, mi\u00f3d 40%), aromaty naturalne, emulgator: lecytyny. Produkt<br \/>\nmo\u017ce zawiera\u0107 soj\u0119, orzeszki arachidowe, orzechy laskowe, migda\u0142y, nasiona sezamu,<br \/>\npszenic\u0119 i jaja. Czekolada: masa kakaowa minimum 43%.<\/p>\n","protected":false},"excerpt":{"rendered":"<p>Sk\u0142adniki: czekolada 53% [cukier, miazga kakaowa, t\u0142uszcz kakaowy, t\u0142uszcz ro\u015blinny (shea), emulgator: lecytyny], nadzienie malinowe 20% (syrop glukozowy, przecier malinowy 20%, cukier, regulator kwasowo\u015bci: kwas cytrynowy, substancje zag\u0119szczaj\u0105ce: pektyny, agar; aromat naturalny), t\u0142uszcz ro\u015blinny(palmowy), cukier, mleko w proszku odt\u0142uszczone 4,0%, serwatka w proszku (z mleka), mi\u00f3d w proszku 0,3% (maltodekstryna, mi\u00f3d 40%), aromaty naturalne, emulgator: [&hellip;]<\/p>\n","protected":false},"featured_media":11463,"template":"","meta":[],"product_brand":[],"product_cat":[17,105,103],"product_tag":[],"class_list":{"0":"post-11612","1":"product","2":"type-product","3":"status-publish","4":"has-post-thumbnail","6":"product_cat-bez-kategorii","7":"product_cat-czekolady-i-bombonierki","8":"product_cat-slodycze-i-przekaski","10":"first","11":"onbackorder","12":"taxable","13":"shipping-taxable","14":"purchasable","15":"product-type-simple"},"_links":{"self":[{"href":"http:\/\/www.polskismak.nl\/index.php\/wp-json\/wp\/v2\/product\/11612","targetHints":{"allow":["GET"]}}],"collection":[{"href":"http:\/\/www.polskismak.nl\/index.php\/wp-json\/wp\/v2\/product"}],"about":[{"href":"http:\/\/www.polskismak.nl\/index.php\/wp-json\/wp\/v2\/types\/product"}],"wp:featuredmedia":[{"embeddable":true,"href":"http:\/\/www.polskismak.nl\/index.php\/wp-json\/wp\/v2\/media\/11463"}],"wp:attachment":[{"href":"http:\/\/www.polskismak.nl\/index.php\/wp-json\/wp\/v2\/media?parent=11612"}],"wp:term":[{"taxonomy":"product_brand","embeddable":true,"href":"http:\/\/www.polskismak.nl\/index.php\/wp-json\/wp\/v2\/product_brand?post=11612"},{"taxonomy":"product_cat","embeddable":true,"href":"http:\/\/www.polskismak.nl\/index.php\/wp-json\/wp\/v2\/product_cat?post=11612"},{"taxonomy":"product_tag","embeddable":true,"href":"http:\/\/www.polskismak.nl\/index.php\/wp-json\/wp\/v2\/product_tag?post=11612"}],"curies":[{"name":"wp","href":"https:\/\/api.w.org\/{rel}","templated":true}]}}