{"id":11622,"date":"2024-08-30T13:29:33","date_gmt":"2024-08-30T13:29:33","guid":{"rendered":"https:\/\/www.polskismak.nl\/?post_type=product&#038;p=11622"},"modified":"2025-11-12T15:07:40","modified_gmt":"2025-11-12T15:07:40","slug":"czekolada-mleczna-z-orzechami","status":"publish","type":"product","link":"http:\/\/www.polskismak.nl\/index.php\/product\/czekolada-mleczna-z-orzechami\/","title":{"rendered":"Czekolada mleczna z orzechami"},"content":{"rendered":"<p>Sk\u0142adniki: cukier, t\u0142uszcz kakaowymleko pe\u0142ne w proszku, kawa\u0142ki orzech\u00f3w laskowych (12 %), miazga kakaowa, serwatka w proszku (z mleka), t\u0142uszcz mleczny, miazga z orzech\u00f3w laskowych, emulgator (lecytyny sojowe), aromat<\/p>\n<p>Czekolada mleczna: masa kakaowa minimum 31 %, masa mleczna minimum 18 %<\/p>\n<p>Tekst dotycz\u0105cy alergen\u00f3w<br \/>\nMo\u017ce zawiera\u0107 orzeszki arachidowe, inne orzechy, zbo\u017ca (gluten), jaja.<\/p>\n","protected":false},"excerpt":{"rendered":"<p>Sk\u0142adniki: cukier, t\u0142uszcz kakaowymleko pe\u0142ne w proszku, kawa\u0142ki orzech\u00f3w laskowych (12 %), miazga kakaowa, serwatka w proszku (z mleka), t\u0142uszcz mleczny, miazga z orzech\u00f3w laskowych, emulgator (lecytyny sojowe), aromat Czekolada mleczna: masa kakaowa minimum 31 %, masa mleczna minimum 18 % Tekst dotycz\u0105cy alergen\u00f3w Mo\u017ce zawiera\u0107 orzeszki arachidowe, inne orzechy, zbo\u017ca (gluten), jaja.<\/p>\n","protected":false},"featured_media":11468,"template":"","meta":[],"product_brand":[],"product_cat":[105,103],"product_tag":[],"class_list":{"0":"post-11622","1":"product","2":"type-product","3":"status-publish","4":"has-post-thumbnail","6":"product_cat-czekolady-i-bombonierki","7":"product_cat-slodycze-i-przekaski","9":"first","10":"onbackorder","11":"taxable","12":"shipping-taxable","13":"purchasable","14":"product-type-simple"},"_links":{"self":[{"href":"http:\/\/www.polskismak.nl\/index.php\/wp-json\/wp\/v2\/product\/11622","targetHints":{"allow":["GET"]}}],"collection":[{"href":"http:\/\/www.polskismak.nl\/index.php\/wp-json\/wp\/v2\/product"}],"about":[{"href":"http:\/\/www.polskismak.nl\/index.php\/wp-json\/wp\/v2\/types\/product"}],"wp:featuredmedia":[{"embeddable":true,"href":"http:\/\/www.polskismak.nl\/index.php\/wp-json\/wp\/v2\/media\/11468"}],"wp:attachment":[{"href":"http:\/\/www.polskismak.nl\/index.php\/wp-json\/wp\/v2\/media?parent=11622"}],"wp:term":[{"taxonomy":"product_brand","embeddable":true,"href":"http:\/\/www.polskismak.nl\/index.php\/wp-json\/wp\/v2\/product_brand?post=11622"},{"taxonomy":"product_cat","embeddable":true,"href":"http:\/\/www.polskismak.nl\/index.php\/wp-json\/wp\/v2\/product_cat?post=11622"},{"taxonomy":"product_tag","embeddable":true,"href":"http:\/\/www.polskismak.nl\/index.php\/wp-json\/wp\/v2\/product_tag?post=11622"}],"curies":[{"name":"wp","href":"https:\/\/api.w.org\/{rel}","templated":true}]}}