{"id":11630,"date":"2024-08-30T13:40:45","date_gmt":"2024-08-30T13:40:45","guid":{"rendered":"https:\/\/www.polskismak.nl\/?post_type=product&#038;p=11630"},"modified":"2025-11-12T15:05:56","modified_gmt":"2025-11-12T15:05:56","slug":"czekolada-mleczna","status":"publish","type":"product","link":"http:\/\/www.polskismak.nl\/index.php\/product\/czekolada-mleczna\/","title":{"rendered":"Czekolada mleczna"},"content":{"rendered":"<p>Cukier, mleko w proszku pe\u0142ne, miazga kakaowa, t\u0142uszcz kakaowy, mleko w proszku odt\u0142uszczone, emulgatory (lecytyna sojowa, E 476), aromat.<\/p>\n<p>Produkt mo\u017ce zawiera\u0107 orzeszki arachidowe i orzechy.<\/p>\n<p>Produkt bezglutenowy.<\/p>\n","protected":false},"excerpt":{"rendered":"<p>Cukier, mleko w proszku pe\u0142ne, miazga kakaowa, t\u0142uszcz kakaowy, mleko w proszku odt\u0142uszczone, emulgatory (lecytyna sojowa, E 476), aromat. Produkt mo\u017ce zawiera\u0107 orzeszki arachidowe i orzechy. Produkt bezglutenowy.<\/p>\n","protected":false},"featured_media":11471,"template":"","meta":[],"product_brand":[],"product_cat":[105,103],"product_tag":[],"class_list":{"0":"post-11630","1":"product","2":"type-product","3":"status-publish","4":"has-post-thumbnail","6":"product_cat-czekolady-i-bombonierki","7":"product_cat-slodycze-i-przekaski","9":"first","10":"instock","11":"taxable","12":"shipping-taxable","13":"purchasable","14":"product-type-simple"},"_links":{"self":[{"href":"http:\/\/www.polskismak.nl\/index.php\/wp-json\/wp\/v2\/product\/11630","targetHints":{"allow":["GET"]}}],"collection":[{"href":"http:\/\/www.polskismak.nl\/index.php\/wp-json\/wp\/v2\/product"}],"about":[{"href":"http:\/\/www.polskismak.nl\/index.php\/wp-json\/wp\/v2\/types\/product"}],"wp:featuredmedia":[{"embeddable":true,"href":"http:\/\/www.polskismak.nl\/index.php\/wp-json\/wp\/v2\/media\/11471"}],"wp:attachment":[{"href":"http:\/\/www.polskismak.nl\/index.php\/wp-json\/wp\/v2\/media?parent=11630"}],"wp:term":[{"taxonomy":"product_brand","embeddable":true,"href":"http:\/\/www.polskismak.nl\/index.php\/wp-json\/wp\/v2\/product_brand?post=11630"},{"taxonomy":"product_cat","embeddable":true,"href":"http:\/\/www.polskismak.nl\/index.php\/wp-json\/wp\/v2\/product_cat?post=11630"},{"taxonomy":"product_tag","embeddable":true,"href":"http:\/\/www.polskismak.nl\/index.php\/wp-json\/wp\/v2\/product_tag?post=11630"}],"curies":[{"name":"wp","href":"https:\/\/api.w.org\/{rel}","templated":true}]}}