{"id":11640,"date":"2024-08-30T14:09:01","date_gmt":"2024-08-30T14:09:01","guid":{"rendered":"https:\/\/www.polskismak.nl\/?post_type=product&#038;p=11640"},"modified":"2025-11-12T15:04:16","modified_gmt":"2025-11-12T15:04:16","slug":"lakotki","status":"publish","type":"product","link":"http:\/\/www.polskismak.nl\/index.php\/product\/lakotki\/","title":{"rendered":"\u0141akotki"},"content":{"rendered":"<p>Sk\u0142adniki: m\u0105ka pszenna, cukier, olej palmowy, kakao o obni\u017conej zawarto\u015bci t\u0142uszczu 7 %, odt\u0142uszczone mleko w proszku, substancje spulchniaj\u0105ce (w\u0119glany amonu, w\u0119glany sodu, difosforany), pe\u0142ne mleko w proszku, aromaty, jaja w proszku, emulgator (stearoilomleczan sodu), s\u00f3l, barwnik (karmel)<\/p>\n<p>Tekst dotycz\u0105cy alergen\u00f3w<br \/>\nMo\u017ce zawiera\u0107 sezam i orzechy.<\/p>\n","protected":false},"excerpt":{"rendered":"<p>Sk\u0142adniki: m\u0105ka pszenna, cukier, olej palmowy, kakao o obni\u017conej zawarto\u015bci t\u0142uszczu 7 %, odt\u0142uszczone mleko w proszku, substancje spulchniaj\u0105ce (w\u0119glany amonu, w\u0119glany sodu, difosforany), pe\u0142ne mleko w proszku, aromaty, jaja w proszku, emulgator (stearoilomleczan sodu), s\u00f3l, barwnik (karmel) Tekst dotycz\u0105cy alergen\u00f3w Mo\u017ce zawiera\u0107 sezam i orzechy.<\/p>\n","protected":false},"featured_media":11477,"template":"","meta":[],"product_brand":[],"product_cat":[104,103],"product_tag":[],"class_list":{"0":"post-11640","1":"product","2":"type-product","3":"status-publish","4":"has-post-thumbnail","6":"product_cat-ciastka-i-pierniki","7":"product_cat-slodycze-i-przekaski","9":"first","10":"instock","11":"taxable","12":"shipping-taxable","13":"purchasable","14":"product-type-simple"},"_links":{"self":[{"href":"http:\/\/www.polskismak.nl\/index.php\/wp-json\/wp\/v2\/product\/11640","targetHints":{"allow":["GET"]}}],"collection":[{"href":"http:\/\/www.polskismak.nl\/index.php\/wp-json\/wp\/v2\/product"}],"about":[{"href":"http:\/\/www.polskismak.nl\/index.php\/wp-json\/wp\/v2\/types\/product"}],"wp:featuredmedia":[{"embeddable":true,"href":"http:\/\/www.polskismak.nl\/index.php\/wp-json\/wp\/v2\/media\/11477"}],"wp:attachment":[{"href":"http:\/\/www.polskismak.nl\/index.php\/wp-json\/wp\/v2\/media?parent=11640"}],"wp:term":[{"taxonomy":"product_brand","embeddable":true,"href":"http:\/\/www.polskismak.nl\/index.php\/wp-json\/wp\/v2\/product_brand?post=11640"},{"taxonomy":"product_cat","embeddable":true,"href":"http:\/\/www.polskismak.nl\/index.php\/wp-json\/wp\/v2\/product_cat?post=11640"},{"taxonomy":"product_tag","embeddable":true,"href":"http:\/\/www.polskismak.nl\/index.php\/wp-json\/wp\/v2\/product_tag?post=11640"}],"curies":[{"name":"wp","href":"https:\/\/api.w.org\/{rel}","templated":true}]}}