{"id":11642,"date":"2024-08-30T14:12:25","date_gmt":"2024-08-30T14:12:25","guid":{"rendered":"https:\/\/www.polskismak.nl\/?post_type=product&#038;p=11642"},"modified":"2025-01-23T11:58:48","modified_gmt":"2025-01-23T11:58:48","slug":"ptasie-mleczko-waniliowe","status":"publish","type":"product","link":"http:\/\/www.polskismak.nl\/index.php\/product\/ptasie-mleczko-waniliowe\/","title":{"rendered":"Ptasie mleczko waniliowe"},"content":{"rendered":"<p>Sk\u0142adniki:<br \/>\nczekolada deserowa 30 % (cukier, miazga kakaowa, t\u0142uszcz kakaowy, t\u0142uszcz mleczny, emulgatory: lecytyny sojowe i E 476, aromat), cukier, syrop glukozowy, mas\u0142o, mleko zag\u0119szczone s\u0142odzone (mleko, cukier), roztw\u00f3r cukru inwertowanego, bia\u0142ko jaja w proszku, substancja \u017celuj\u0105ca (agar), regulator kwasowo\u015bci (kwas cytrynowy), substancja konserwuj\u0105ca (E 202), aromat, naturalny aromat waniliowy<\/p>\n<p>Czekolada deserowa: masa kakaowa minimum 47 %<\/p>\n<p>Tekst dotycz\u0105cy alergen\u00f3w<br \/>\nMo\u017ce zawiera\u0107 orzeszki arachidowe, orzechy, zbo\u017ca (gluten).<\/p>\n","protected":false},"excerpt":{"rendered":"<p>Sk\u0142adniki: czekolada deserowa 30 % (cukier, miazga kakaowa, t\u0142uszcz kakaowy, t\u0142uszcz mleczny, emulgatory: lecytyny sojowe i E 476, aromat), cukier, syrop glukozowy, mas\u0142o, mleko zag\u0119szczone s\u0142odzone (mleko, cukier), roztw\u00f3r cukru inwertowanego, bia\u0142ko jaja w proszku, substancja \u017celuj\u0105ca (agar), regulator kwasowo\u015bci (kwas cytrynowy), substancja konserwuj\u0105ca (E 202), aromat, naturalny aromat waniliowy Czekolada deserowa: masa kakaowa minimum [&hellip;]<\/p>\n","protected":false},"featured_media":11479,"template":"","meta":[],"product_brand":[],"product_cat":[105,103],"product_tag":[],"class_list":{"0":"post-11642","1":"product","2":"type-product","3":"status-publish","4":"has-post-thumbnail","6":"product_cat-czekolady-i-bombonierki","7":"product_cat-slodycze-i-przekaski","9":"first","10":"instock","11":"taxable","12":"shipping-taxable","13":"purchasable","14":"product-type-simple"},"_links":{"self":[{"href":"http:\/\/www.polskismak.nl\/index.php\/wp-json\/wp\/v2\/product\/11642","targetHints":{"allow":["GET"]}}],"collection":[{"href":"http:\/\/www.polskismak.nl\/index.php\/wp-json\/wp\/v2\/product"}],"about":[{"href":"http:\/\/www.polskismak.nl\/index.php\/wp-json\/wp\/v2\/types\/product"}],"wp:featuredmedia":[{"embeddable":true,"href":"http:\/\/www.polskismak.nl\/index.php\/wp-json\/wp\/v2\/media\/11479"}],"wp:attachment":[{"href":"http:\/\/www.polskismak.nl\/index.php\/wp-json\/wp\/v2\/media?parent=11642"}],"wp:term":[{"taxonomy":"product_brand","embeddable":true,"href":"http:\/\/www.polskismak.nl\/index.php\/wp-json\/wp\/v2\/product_brand?post=11642"},{"taxonomy":"product_cat","embeddable":true,"href":"http:\/\/www.polskismak.nl\/index.php\/wp-json\/wp\/v2\/product_cat?post=11642"},{"taxonomy":"product_tag","embeddable":true,"href":"http:\/\/www.polskismak.nl\/index.php\/wp-json\/wp\/v2\/product_tag?post=11642"}],"curies":[{"name":"wp","href":"https:\/\/api.w.org\/{rel}","templated":true}]}}