{"id":11650,"date":"2024-08-30T14:27:37","date_gmt":"2024-08-30T14:27:37","guid":{"rendered":"https:\/\/www.polskismak.nl\/?post_type=product&#038;p=11650"},"modified":"2025-11-12T15:02:31","modified_gmt":"2025-11-12T15:02:31","slug":"ptasie-mleczko-waniliowe-w-mocno-gorzkiej-czekoladzie","status":"publish","type":"product","link":"http:\/\/www.polskismak.nl\/index.php\/product\/ptasie-mleczko-waniliowe-w-mocno-gorzkiej-czekoladzie\/","title":{"rendered":"Ptasie mleczko waniliowe w mocno gorzkiej czekoladzie"},"content":{"rendered":"<p>Sk\u0142adniki: czekolada mleczna 31 % (cukier, t\u0142uszcz kakaowy, mleko pe\u0142ne w proszku, miazga kakaowa, serwatka w proszku (z mleka), t\u0142uszcz mleczny, emulgatory: lecytyny sojowe i E 476, aromat), cukier, syrop glukozowy, mas\u0142o, mleko zag\u0119szczone s\u0142odzone (mleko, cukier), roztw\u00f3r cukru inwertowanego, bia\u0142ko jaja w proszku, substancja \u017celuj\u0105ca (agar), \u015bmietanka w proszku (0,5 %), aromaty, regulator kwasowo\u015bci (kwas cytrynowy), substancja konserwuj\u0105ca (E 202)aromat, naturalny aromat waniliowy<br \/>\nCzekolada mocno gorzka: masa kakaowa minimum 80 %<\/p>\n<p>Tekst dotycz\u0105cy alergen\u00f3w<br \/>\nMo\u017ce zawiera\u0107 orzeszki arachidowe, orzechy, zbo\u017ca (gluten).<\/p>\n","protected":false},"excerpt":{"rendered":"<p>Sk\u0142adniki: czekolada mleczna 31 % (cukier, t\u0142uszcz kakaowy, mleko pe\u0142ne w proszku, miazga kakaowa, serwatka w proszku (z mleka), t\u0142uszcz mleczny, emulgatory: lecytyny sojowe i E 476, aromat), cukier, syrop glukozowy, mas\u0142o, mleko zag\u0119szczone s\u0142odzone (mleko, cukier), roztw\u00f3r cukru inwertowanego, bia\u0142ko jaja w proszku, substancja \u017celuj\u0105ca (agar), \u015bmietanka w proszku (0,5 %), aromaty, regulator kwasowo\u015bci [&hellip;]<\/p>\n","protected":false},"featured_media":11483,"template":"","meta":[],"product_brand":[],"product_cat":[105,103],"product_tag":[],"class_list":{"0":"post-11650","1":"product","2":"type-product","3":"status-publish","4":"has-post-thumbnail","6":"product_cat-czekolady-i-bombonierki","7":"product_cat-slodycze-i-przekaski","9":"first","10":"outofstock","11":"taxable","12":"shipping-taxable","13":"purchasable","14":"product-type-simple"},"_links":{"self":[{"href":"http:\/\/www.polskismak.nl\/index.php\/wp-json\/wp\/v2\/product\/11650","targetHints":{"allow":["GET"]}}],"collection":[{"href":"http:\/\/www.polskismak.nl\/index.php\/wp-json\/wp\/v2\/product"}],"about":[{"href":"http:\/\/www.polskismak.nl\/index.php\/wp-json\/wp\/v2\/types\/product"}],"wp:featuredmedia":[{"embeddable":true,"href":"http:\/\/www.polskismak.nl\/index.php\/wp-json\/wp\/v2\/media\/11483"}],"wp:attachment":[{"href":"http:\/\/www.polskismak.nl\/index.php\/wp-json\/wp\/v2\/media?parent=11650"}],"wp:term":[{"taxonomy":"product_brand","embeddable":true,"href":"http:\/\/www.polskismak.nl\/index.php\/wp-json\/wp\/v2\/product_brand?post=11650"},{"taxonomy":"product_cat","embeddable":true,"href":"http:\/\/www.polskismak.nl\/index.php\/wp-json\/wp\/v2\/product_cat?post=11650"},{"taxonomy":"product_tag","embeddable":true,"href":"http:\/\/www.polskismak.nl\/index.php\/wp-json\/wp\/v2\/product_tag?post=11650"}],"curies":[{"name":"wp","href":"https:\/\/api.w.org\/{rel}","templated":true}]}}